{"id":1048,"date":"2022-09-21T20:13:06","date_gmt":"2022-09-21T18:13:06","guid":{"rendered":"https:\/\/northernholistic.de\/pantarie-bodywork\/"},"modified":"2023-05-15T12:13:59","modified_gmt":"2023-05-15T10:13:59","slug":"pantarei-bodywork","status":"publish","type":"page","link":"https:\/\/test2.northernholistic.de\/de\/pantarei-bodywork\/","title":{"rendered":"Pantarei Bodywork"},"content":{"rendered":"<p>[et_pb_section fb_built=&#8220;1&#8243; _builder_version=&#8220;4.16&#8243; _module_preset=&#8220;default&#8220; global_colors_info=&#8220;{}&#8220;][et_pb_row column_structure=&#8220;1_2,1_2&#8243; _builder_version=&#8220;4.16&#8243; _module_preset=&#8220;default&#8220; custom_padding=&#8220;27px|||||&#8220; global_colors_info=&#8220;{}&#8220;][et_pb_column type=&#8220;1_2&#8243; _builder_version=&#8220;4.16&#8243; _module_preset=&#8220;default&#8220; global_colors_info=&#8220;{}&#8220;][et_pb_divider show_divider=&#8220;off&#8220; disabled_on=&#8220;on|on|off&#8220; _builder_version=&#8220;4.16&#8243; _module_preset=&#8220;default&#8220; min_height=&#8220;100px&#8220; global_colors_info=&#8220;{}&#8220;][\/et_pb_divider][et_pb_text _builder_version=&#8220;4.21.0&#8243; _module_preset=&#8220;default&#8220; hover_enabled=&#8220;0&#8243; global_colors_info=&#8220;{}&#8220; sticky_enabled=&#8220;0&#8243;]<\/p>\n<h1>Pantarei Bodywork Berlin<\/h1>\n<p>Suchen Sie eine Pantarei Bodywork Sitzung in Ihrer N\u00e4he?<\/p>\n<p>[\/et_pb_text][\/et_pb_column][et_pb_column type=&#8220;1_2&#8243; _builder_version=&#8220;4.16&#8243; _module_preset=&#8220;default&#8220; global_colors_info=&#8220;{}&#8220;][et_pb_image src=&#8220;https:\/\/northernholistic.de\/wp-content\/uploads\/2022\/09\/Pantawaves-Class-007-scaled.jpg&#8220; alt=&#8220;Pantarei Bodywork Session&#8220; title_text=&#8220;Pantarei Bodywork Session&#8220; _builder_version=&#8220;4.18.0&#8243; _module_preset=&#8220;default&#8220; global_colors_info=&#8220;{}&#8220;][\/et_pb_image][\/et_pb_column][\/et_pb_row][et_pb_row _builder_version=&#8220;4.16&#8243; _module_preset=&#8220;default&#8220; global_colors_info=&#8220;{}&#8220;][et_pb_column type=&#8220;4_4&#8243; _builder_version=&#8220;4.16&#8243; _module_preset=&#8220;default&#8220; global_colors_info=&#8220;{}&#8220;][et_pb_text _builder_version=&#8220;4.18.0&#8243; _module_preset=&#8220;default&#8220; global_colors_info=&#8220;{}&#8220;]<strong>Northern Holistic<\/strong> mit Sitz in Berlin Sch\u00f6neberg ist spezialisiert auf <strong>Pantarei Bodywork<\/strong>. Ihnen zu helfen, Ihre eigenen St\u00e4rken und F\u00e4higkeiten zu erkennen, damit Sie sie in verschiedenen Lebenssituationen einsetzen k\u00f6nnen<\/span><\/p>\n<p>Die <strong>Pantarei Bodywork Sitzungen kosten<\/strong> <span>[simpleprice text=&#8220;95&#8243;]<\/span> f\u00fcr 60 Minuten und <span>[simpleprice text=&#8220;96&#8243;]<\/span> f\u00fcr 90 Minuten. Buchen Sie jetzt einen Termin bei <strong>Northern Holistic<\/strong>:[\/et_pb_text][et_pb_pricing_tables show_bullet=&#8220;off&#8220; _builder_version=&#8220;4.18.0&#8243; _module_preset=&#8220;default&#8220; custom_css_pricing_top=&#8220;display:none;&#8220; custom_css_price=&#8220;display:none;&#8220; global_colors_info=&#8220;{}&#8220;][et_pb_pricing_table title=&#8220;60 Minuten&#8220; currency=&#8220;\u20ac&#8220; sum=&#8220;%91simpleprice text=8%93&#8243; button_url=&#8220;#bookly-form&#8220; button_text=&#8220;Einen Termin verabreden&#8220; _builder_version=&#8220;4.18.0&#8243; _module_preset=&#8220;default&#8220; global_colors_info=&#8220;{}&#8220; sticky_transition=&#8220;on&#8220;]<\/p>\n<h2 style=\"text-align: center; font-size: 70px;\">[simpleprice text=&#8220;95&#8243;]<\/h2>\n<p>[\/et_pb_pricing_table][et_pb_pricing_table title=&#8220;90 Minuten&#8220; currency=&#8220;\u20ac&#8220; sum=&#8220;%91simpleprice text=8%93&#8243; button_url=&#8220;#bookly-form&#8220; button_text=&#8220;Einen Termin verabreden&#8220; _builder_version=&#8220;4.18.0&#8243; _module_preset=&#8220;default&#8220; global_colors_info=&#8220;{}&#8220; sticky_transition=&#8220;on&#8220;]<\/p>\n<h2 style=\"text-align: center; font-size: 70px;\">[simpleprice text=&#8220;96&#8243;]<\/h2>\n<p>[\/et_pb_pricing_table][\/et_pb_pricing_tables][\/et_pb_column][\/et_pb_row][et_pb_row _builder_version=&#8220;4.16&#8243; _module_preset=&#8220;default&#8220; global_colors_info=&#8220;{}&#8220;][et_pb_column type=&#8220;4_4&#8243; _builder_version=&#8220;4.16&#8243; _module_preset=&#8220;default&#8220; global_colors_info=&#8220;{}&#8220;][et_pb_text _builder_version=&#8220;4.18.0&#8243; _module_preset=&#8220;default&#8220; global_colors_info=&#8220;{}&#8220;]<\/p>\n<ol>\n<li><a href=\"#what-is-pantarie-bodywork\">Was ist Pantarei Bodywork?<\/a><\/li>\n<li><a href=\"#benefits-pantari-bodywork\">Was sind die Vorteile von Pantarei Bodywork?<\/a><\/li>\n<li><a href=\"#suitable-lomi-massage\">Was passiert in den Sitzungen?<\/a><\/li>\n<\/ol>\n<p>[\/et_pb_text][et_pb_text module_id=&#8220;what-is-pantarie-bodywork&#8220; _builder_version=&#8220;4.18.0&#8243; _module_preset=&#8220;default&#8220; global_colors_info=&#8220;{}&#8220;]<\/p>\n<h2>1. Was ist Pantarei Bodywork?<\/h2>\n<p><span style=\"font-weight: 400;\">Wir werden mit der angeborenen F\u00e4higkeit geboren, Ver\u00e4nderungen in unserem Leben herbeizuf\u00fchren, und in jeder Sitzung lernst du, diese F\u00e4higkeit zu nutzen, um dich in die von dir gew\u00fcnschte Richtung zu bewegen. <\/span><\/p>\n<p><span style=\"font-weight: 400;\">Das Ziel einer Pantarei-Sitzung ist es, dich dazu einzuladen, dich mit deinen eigenen St\u00e4rken und F\u00e4higkeiten zu verbinden, damit du sie in verschiedenen Situationen deines Lebens einsetzen kannst. <\/span><\/p>\n<p><span style=\"font-weight: 400;\">Dies wird durch eine Kombination aus Ber\u00fchrung und verbaler Kommunikation erreicht. Die Bewusstheit \u00fcber deinen K\u00f6rper, deine Gedanken, deine F\u00e4higkeiten, deine aktuellen Situationen und deine pers\u00f6nlichen Ziele sind wichtige Faktoren in jeder Pantarei-Sitzung.<\/span><\/p>\n<p>[\/et_pb_text][et_pb_text module_id=&#8220;benefits-pantari-bodywork&#8220; _builder_version=&#8220;4.18.0&#8243; _module_preset=&#8220;default&#8220; custom_padding=&#8220;4px|||||&#8220; global_colors_info=&#8220;{}&#8220;]<\/p>\n<h2>2. Was sind die Vorteile von Pantarei Bodywork?<\/h2>\n<p><span style=\"font-weight: 400;\">Sie hilft dir, dich in deinem K\u00f6rper zu zentrieren, ein Gef\u00fchl der Ganzheit wiederherzustellen, energetische Blockaden zu l\u00f6sen, Traumata aufzul\u00f6sen, selbstbegrenzende Gedankenmuster zu durchbrechen, \u00c4ngste abzubauen, die Kreativit\u00e4t zu steigern und die Vitalit\u00e4t zu erh\u00f6hen.<\/span><\/p>\n<p><span style=\"font-weight: 400;\">Jeder Prozess soll dir dabei helfen, Hindernisse zu \u00fcberwinden, verschiedene Herangehensweisen an chronische Krankheiten zu lernen, Emotionen w\u00e4hrend dieser Prozesse zuzulassen und mehr Klarheit \u00fcber deine Ziele zu erlangen. All diese Erfahrungen tragen zusammen mit der St\u00e4rkung zwischenmenschlicher Beziehungen und der Verbesserung deiner allgemeinen Vitalit\u00e4t zu einer besseren Lebenserfahrung bei.<\/span><\/p>\n<p>[\/et_pb_text][et_pb_text module_id=&#8220;suitable-lomi-massage&#8220; _builder_version=&#8220;4.18.0&#8243; _module_preset=&#8220;default&#8220; global_colors_info=&#8220;{}&#8220;]<\/p>\n<h2>3. Was passiert in den Sitzungen?<\/h2>\n<p><span style=\"font-weight: 400;\">In jeder Sitzung sind wir Partner. Ich leite dich an, deine individuellen Erfahrungen zu artikulieren und zu erforschen und zu kl\u00e4ren, was du anstrebst. <\/span><\/p>\n<p><span style=\"font-weight: 400;\">Wir k\u00f6nnen von einer sitzenden Position zu einer liegenden auf einem Massagetisch \u00fcbergehen, und manchmal arbeiten wir im Stehen oder in Bewegung, wobei wir immer auf deinen pers\u00f6nlichen Fluss achten und deine Ziele verfolgen.<\/span><\/p>\n<p><span style=\"font-weight: 400;\">Dir wird ein spezieller Tee aus einzigartigen persischen Kr\u00e4utern serviert, und du h\u00f6rst Musik, die aus speziellen Heilfrequenzen besteht.<\/span><\/p>\n<p><b>Kleidung:<\/b><span style=\"font-weight: 400;\"> Es ist am besten, wenn du f\u00fcr die Sitzung etwas Bequemes tr\u00e4gst. Je nachdem, wie wohl du dich f\u00fchlst, kannst du mehr oder weniger Kleidungsst\u00fccke anbehalten.<\/span><\/p>\n<p><b>Dauer der Sitzung:<\/b><span style=\"font-weight: 400;\"> <\/span><\/p>\n<p><span style=\"font-weight: 400;\">die weiteren Sitzungen dauern in der Rege <\/span><span style=\"font-weight: 400;\">60 Minuten. Dauer des gesamten Prozesses: Das h\u00e4ngt davon ab, was du erreichen willst, von deinen Umst\u00e4nden und deiner Verf\u00fcgbarkeit. In den ersten Sitzungen werden wir klare Erwartungen formulieren und die voraussichtliche Dauer des Prozesses besprechen.<\/span><\/p>\n<p>[\/et_pb_text][\/et_pb_column][\/et_pb_row][et_pb_row _builder_version=&#8220;4.16&#8243; _module_preset=&#8220;default&#8220; global_colors_info=&#8220;{}&#8220;][et_pb_column type=&#8220;4_4&#8243; _builder_version=&#8220;4.16&#8243; _module_preset=&#8220;default&#8220; global_colors_info=&#8220;{}&#8220;][et_pb_text _builder_version=&#8220;4.18.0&#8243; _module_preset=&#8220;default&#8220; global_colors_info=&#8220;{}&#8220;]<\/p>\n<h2>Buche jetzt deine Pantarei Bodywork Session im Northern Holistic Berlin<\/h2>\n<p>[\/et_pb_text][et_pb_code module_id=&#8220;bookly-form&#8220; _builder_version=&#8220;4.18.0&#8243; _module_preset=&#8220;default&#8220; global_colors_info=&#8220;{}&#8220;]<!--\nPlugin Name: Bookly - Responsive WordPress Appointment Booking and Scheduling Plugin\nPlugin URI: https:\/\/www.booking-wp-plugin.com\/?utm_source=bookly_admin&utm_medium=plugins_page&utm_campaign=plugins_page\nVersion: 26.7-->\n<style type=\"text\/css\">\n    :root {\n        --bookly-main-color: #7cc68d !important;\n        --bookly-color: #7cc68d !important;\n    }\n\n        \/* 1) Hide the Category column completely *\/\n.bookly-form .bookly-row .bookly-column:has(select[name=\"category_id\"]),\n.bookly-form label:has(+ select[name=\"category_id\"]),\n.bookly-form select[name=\"category_id\"] { display: none !important; }\n\n\/* 2) Put Employee before Service (requires Chrome\/Safari\/Edge that support :has) *\/\n.bookly-form .bookly-row { display: flex; flex-wrap: wrap; gap: 12px; }\n.bookly-form .bookly-row .bookly-column { order: 2; } \/* default *\/\n.bookly-form .bookly-row .bookly-column:has(select[name=\"staff_id\"]) { order: 1; }\n.bookly-form .bookly-row .bookly-column:has(select[name=\"service_id\"]) { order: 2; }\n\n\/* 3) Make the two remaining selects fill nicely *\/\n.bookly-form .bookly-row .bookly-column:has(select[name=\"staff_id\"]),\n.bookly-form .bookly-row .bookly-column:has(select[name=\"service_id\"]) {\n  flex: 1 1 320px;\n}    <\/style><div class=\"bookly-css-root\">\n    <div id=\"bookly-form-69d28fb755ee7\" class=\"bookly-form\" data-form_id=\"69d28fb755ee7\" aria-live=\"polite\">\n        <div style=\"text-align: center\"><img decoding=\"async\" data-src=\"https:\/\/test2.northernholistic.de\/wp-includes\/js\/tinymce\/skins\/lightgray\/img\/loader.gif\" alt=\"Wird geladen ...\" src=\"data:image\/svg+xml;base64,PHN2ZyB3aWR0aD0iMSIgaGVpZ2h0PSIxIiB4bWxucz0iaHR0cDovL3d3dy53My5vcmcvMjAwMC9zdmciPjwvc3ZnPg==\" class=\"lazyload\" \/><\/div>\n    <\/div>\n<\/div>\n<script type=\"text\/javascript\">\n    (function (win, fn) {\n        var done = false, top = true,\n            doc = win.document,\n            root = doc.documentElement,\n            modern = doc.addEventListener,\n            add = modern ? 'addEventListener' : 'attachEvent',\n            rem = modern ? 'removeEventListener' : 'detachEvent',\n            pre = modern ? '' : 'on',\n            init = function (e) {\n                if (e.type == 'readystatechange') if (doc.readyState != 'complete') return;\n                (e.type == 'load' ? win : doc)[rem](pre + e.type, init, false);\n                if (!done) {\n                    done = true;\n                    fn.call(win, e.type || e);\n                }\n            },\n            poll = function () {\n                try {\n                    root.doScroll('left');\n                } catch (e) {\n                    setTimeout(poll, 50);\n                    return;\n                }\n                init('poll');\n            };\n        if (doc.readyState == 'complete') fn.call(win, 'lazy');\n        else {\n            if (!modern) if (root.doScroll) {\n                try {\n                    top = !win.frameElement;\n                } catch (e) {\n                }\n                if (top) poll();\n            }\n            doc[add](pre + 'DOMContentLoaded', init, false);\n            doc[add](pre + 'readystatechange', init, false);\n            win[add](pre + 'load', init, false);\n        }\n    })(window, function () {\n        window.bookly( {\"form_id\":\"69d28fb755ee7\",\"status\":{\"booking\":\"new\"},\"skip_steps\":{\"service_part1\":0,\"service_part2\":0,\"extras\":1,\"time\":0,\"repeat\":1,\"cart\":1},\"errors\":{\"session_error\":\"Session-Fehler.\",\"form_id_error\":\"Formular-ID Fehler.\",\"cart_item_not_available\":\"Die gew\\u00e4hlte Zeit ist nicht mehr verf\\u00fcgbar. Bitte w\\u00e4hlen Sie ein anderes Zeitfenster.\",\"pay_locally_not_available\":\"Vor Ort zahlen ist nicht verf\\u00fcgbar.\",\"invalid_gateway\":\"Ung\\u00fcltiger Zugang.\",\"payment_error\":\"Fehler.\",\"incorrect_username_password\":\"Der Benutzername oder das Passwort ist falsch.\"},\"form_attributes\":{\"hide_categories\":false,\"hide_services\":false,\"hide_staff_members\":false,\"show_number_of_persons\":false,\"hide_service_duration\":true,\"hide_locations\":true,\"hide_quantity\":true,\"hide_date\":false,\"hide_week_days\":true,\"hide_time_range\":true},\"use_client_time_zone\":0,\"defaults\":{\"service_id\":0,\"staff_id\":0,\"location_id\":0,\"category_id\":16},\"datepicker_mode\":\"text-accent\"} );\n    });\n<\/script>[\/et_pb_code][\/et_pb_column][\/et_pb_row][\/et_pb_section]<\/p>\n","protected":false},"excerpt":{"rendered":"<p>Pantarei Bodywork Berlin Suchen Sie eine Pantarei Bodywork Sitzung in Ihrer N\u00e4he?Northern Holistic mit Sitz in Berlin Sch\u00f6neberg ist spezialisiert auf Pantarei Bodywork. Ihnen zu helfen, Ihre eigenen St\u00e4rken und F\u00e4higkeiten zu erkennen, damit Sie sie in verschiedenen Lebenssituationen einsetzen k\u00f6nnen Die Pantarei Bodywork Sitzungen kosten [simpleprice text=&#8220;95&#8243;] f\u00fcr 60 Minuten und [simpleprice text=&#8220;96&#8243;] f\u00fcr [&hellip;]<\/p>\n","protected":false},"author":2,"featured_media":0,"parent":0,"menu_order":0,"comment_status":"closed","ping_status":"closed","template":"","meta":{"_et_pb_use_builder":"on","_et_pb_old_content":"","_et_gb_content_width":"","footnotes":""},"class_list":["post-1048","page","type-page","status-publish","hentry"],"yoast_head":"<!-- This site is optimized with the Yoast SEO plugin v27.3 - https:\/\/yoast.com\/product\/yoast-seo-wordpress\/ -->\n<title>Pantarei Bodywork - Northern Holistic<\/title>\n<meta name=\"robots\" content=\"noindex, follow, max-snippet:-1, max-image-preview:large, max-video-preview:-1\" \/>\n<meta property=\"og:locale\" content=\"de_DE\" \/>\n<meta property=\"og:type\" content=\"article\" \/>\n<meta property=\"og:title\" content=\"Pantarei Bodywork - Northern Holistic\" \/>\n<meta property=\"og:description\" content=\"Pantarei Bodywork Berlin Suchen Sie eine Pantarei Bodywork Sitzung in Ihrer N\u00e4he?Northern Holistic mit Sitz in Berlin Sch\u00f6neberg ist spezialisiert auf Pantarei Bodywork. Ihnen zu helfen, Ihre eigenen St\u00e4rken und F\u00e4higkeiten zu erkennen, damit Sie sie in verschiedenen Lebenssituationen einsetzen k\u00f6nnen Die Pantarei Bodywork Sitzungen kosten [simpleprice text=&quot;95&quot;] f\u00fcr 60 Minuten und [simpleprice text=&quot;96&quot;] f\u00fcr [&hellip;]\" \/>\n<meta property=\"og:url\" content=\"https:\/\/test2.northernholistic.de\/de\/pantarei-bodywork\/\" \/>\n<meta property=\"og:site_name\" content=\"Northern Holistic\" \/>\n<meta property=\"article:publisher\" content=\"https:\/\/www.facebook.com\/NorthernHolistic\" \/>\n<meta property=\"article:modified_time\" content=\"2023-05-15T10:13:59+00:00\" \/>\n<meta name=\"twitter:card\" content=\"summary_large_image\" \/>\n<meta name=\"twitter:label1\" content=\"Gesch\u00e4tzte Lesezeit\" \/>\n\t<meta name=\"twitter:data1\" content=\"3\u00a0Minuten\" \/>\n<script type=\"application\/ld+json\" class=\"yoast-schema-graph\">{\"@context\":\"https:\\\/\\\/schema.org\",\"@graph\":[{\"@type\":\"WebPage\",\"@id\":\"https:\\\/\\\/test2.northernholistic.de\\\/de\\\/pantarei-bodywork\\\/\",\"url\":\"https:\\\/\\\/test2.northernholistic.de\\\/de\\\/pantarei-bodywork\\\/\",\"name\":\"Pantarei Bodywork - Northern Holistic\",\"isPartOf\":{\"@id\":\"https:\\\/\\\/test2.northernholistic.de\\\/de\\\/#website\"},\"datePublished\":\"2022-09-21T18:13:06+00:00\",\"dateModified\":\"2023-05-15T10:13:59+00:00\",\"breadcrumb\":{\"@id\":\"https:\\\/\\\/test2.northernholistic.de\\\/de\\\/pantarei-bodywork\\\/#breadcrumb\"},\"inLanguage\":\"de\",\"potentialAction\":[{\"@type\":\"ReadAction\",\"target\":[\"https:\\\/\\\/test2.northernholistic.de\\\/de\\\/pantarei-bodywork\\\/\"]}]},{\"@type\":\"BreadcrumbList\",\"@id\":\"https:\\\/\\\/test2.northernholistic.de\\\/de\\\/pantarei-bodywork\\\/#breadcrumb\",\"itemListElement\":[{\"@type\":\"ListItem\",\"position\":1,\"name\":\"Home\",\"item\":\"https:\\\/\\\/test2.northernholistic.de\\\/de\\\/\"},{\"@type\":\"ListItem\",\"position\":2,\"name\":\"Pantarei Bodywork\"}]},{\"@type\":\"WebSite\",\"@id\":\"https:\\\/\\\/test2.northernholistic.de\\\/de\\\/#website\",\"url\":\"https:\\\/\\\/test2.northernholistic.de\\\/de\\\/\",\"name\":\"Northern Holistic\",\"description\":\"A centre dedicated to Holistic Therapies\",\"publisher\":{\"@id\":\"https:\\\/\\\/test2.northernholistic.de\\\/de\\\/#organization\"},\"potentialAction\":[{\"@type\":\"SearchAction\",\"target\":{\"@type\":\"EntryPoint\",\"urlTemplate\":\"https:\\\/\\\/test2.northernholistic.de\\\/de\\\/?s={search_term_string}\"},\"query-input\":{\"@type\":\"PropertyValueSpecification\",\"valueRequired\":true,\"valueName\":\"search_term_string\"}}],\"inLanguage\":\"de\"},{\"@type\":\"Organization\",\"@id\":\"https:\\\/\\\/test2.northernholistic.de\\\/de\\\/#organization\",\"name\":\"Northern Holistic\",\"url\":\"https:\\\/\\\/test2.northernholistic.de\\\/de\\\/\",\"logo\":{\"@type\":\"ImageObject\",\"inLanguage\":\"de\",\"@id\":\"https:\\\/\\\/test2.northernholistic.de\\\/de\\\/#\\\/schema\\\/logo\\\/image\\\/\",\"url\":\"https:\\\/\\\/northernholistic.de\\\/wp-content\\\/uploads\\\/2021\\\/05\\\/Noho-New-Transparent.png\",\"contentUrl\":\"https:\\\/\\\/northernholistic.de\\\/wp-content\\\/uploads\\\/2021\\\/05\\\/Noho-New-Transparent.png\",\"width\":608,\"height\":314,\"caption\":\"Northern Holistic\"},\"image\":{\"@id\":\"https:\\\/\\\/test2.northernholistic.de\\\/de\\\/#\\\/schema\\\/logo\\\/image\\\/\"},\"sameAs\":[\"https:\\\/\\\/www.facebook.com\\\/NorthernHolistic\"]}]}<\/script>\n<!-- \/ Yoast SEO plugin. -->","yoast_head_json":{"title":"Pantarei Bodywork - Northern Holistic","robots":{"index":"noindex","follow":"follow","max-snippet":"max-snippet:-1","max-image-preview":"max-image-preview:large","max-video-preview":"max-video-preview:-1"},"og_locale":"de_DE","og_type":"article","og_title":"Pantarei Bodywork - Northern Holistic","og_description":"Pantarei Bodywork Berlin Suchen Sie eine Pantarei Bodywork Sitzung in Ihrer N\u00e4he?Northern Holistic mit Sitz in Berlin Sch\u00f6neberg ist spezialisiert auf Pantarei Bodywork. Ihnen zu helfen, Ihre eigenen St\u00e4rken und F\u00e4higkeiten zu erkennen, damit Sie sie in verschiedenen Lebenssituationen einsetzen k\u00f6nnen Die Pantarei Bodywork Sitzungen kosten [simpleprice text=\"95\"] f\u00fcr 60 Minuten und [simpleprice text=\"96\"] f\u00fcr [&hellip;]","og_url":"https:\/\/test2.northernholistic.de\/de\/pantarei-bodywork\/","og_site_name":"Northern Holistic","article_publisher":"https:\/\/www.facebook.com\/NorthernHolistic","article_modified_time":"2023-05-15T10:13:59+00:00","twitter_card":"summary_large_image","twitter_misc":{"Gesch\u00e4tzte Lesezeit":"3\u00a0Minuten"},"schema":{"@context":"https:\/\/schema.org","@graph":[{"@type":"WebPage","@id":"https:\/\/test2.northernholistic.de\/de\/pantarei-bodywork\/","url":"https:\/\/test2.northernholistic.de\/de\/pantarei-bodywork\/","name":"Pantarei Bodywork - Northern Holistic","isPartOf":{"@id":"https:\/\/test2.northernholistic.de\/de\/#website"},"datePublished":"2022-09-21T18:13:06+00:00","dateModified":"2023-05-15T10:13:59+00:00","breadcrumb":{"@id":"https:\/\/test2.northernholistic.de\/de\/pantarei-bodywork\/#breadcrumb"},"inLanguage":"de","potentialAction":[{"@type":"ReadAction","target":["https:\/\/test2.northernholistic.de\/de\/pantarei-bodywork\/"]}]},{"@type":"BreadcrumbList","@id":"https:\/\/test2.northernholistic.de\/de\/pantarei-bodywork\/#breadcrumb","itemListElement":[{"@type":"ListItem","position":1,"name":"Home","item":"https:\/\/test2.northernholistic.de\/de\/"},{"@type":"ListItem","position":2,"name":"Pantarei Bodywork"}]},{"@type":"WebSite","@id":"https:\/\/test2.northernholistic.de\/de\/#website","url":"https:\/\/test2.northernholistic.de\/de\/","name":"Northern Holistic","description":"A centre dedicated to Holistic Therapies","publisher":{"@id":"https:\/\/test2.northernholistic.de\/de\/#organization"},"potentialAction":[{"@type":"SearchAction","target":{"@type":"EntryPoint","urlTemplate":"https:\/\/test2.northernholistic.de\/de\/?s={search_term_string}"},"query-input":{"@type":"PropertyValueSpecification","valueRequired":true,"valueName":"search_term_string"}}],"inLanguage":"de"},{"@type":"Organization","@id":"https:\/\/test2.northernholistic.de\/de\/#organization","name":"Northern Holistic","url":"https:\/\/test2.northernholistic.de\/de\/","logo":{"@type":"ImageObject","inLanguage":"de","@id":"https:\/\/test2.northernholistic.de\/de\/#\/schema\/logo\/image\/","url":"https:\/\/northernholistic.de\/wp-content\/uploads\/2021\/05\/Noho-New-Transparent.png","contentUrl":"https:\/\/northernholistic.de\/wp-content\/uploads\/2021\/05\/Noho-New-Transparent.png","width":608,"height":314,"caption":"Northern Holistic"},"image":{"@id":"https:\/\/test2.northernholistic.de\/de\/#\/schema\/logo\/image\/"},"sameAs":["https:\/\/www.facebook.com\/NorthernHolistic"]}]}},"_links":{"self":[{"href":"https:\/\/test2.northernholistic.de\/de\/wp-json\/wp\/v2\/pages\/1048","targetHints":{"allow":["GET"]}}],"collection":[{"href":"https:\/\/test2.northernholistic.de\/de\/wp-json\/wp\/v2\/pages"}],"about":[{"href":"https:\/\/test2.northernholistic.de\/de\/wp-json\/wp\/v2\/types\/page"}],"author":[{"embeddable":true,"href":"https:\/\/test2.northernholistic.de\/de\/wp-json\/wp\/v2\/users\/2"}],"replies":[{"embeddable":true,"href":"https:\/\/test2.northernholistic.de\/de\/wp-json\/wp\/v2\/comments?post=1048"}],"version-history":[{"count":22,"href":"https:\/\/test2.northernholistic.de\/de\/wp-json\/wp\/v2\/pages\/1048\/revisions"}],"predecessor-version":[{"id":1766,"href":"https:\/\/test2.northernholistic.de\/de\/wp-json\/wp\/v2\/pages\/1048\/revisions\/1766"}],"wp:attachment":[{"href":"https:\/\/test2.northernholistic.de\/de\/wp-json\/wp\/v2\/media?parent=1048"}],"curies":[{"name":"wp","href":"https:\/\/api.w.org\/{rel}","templated":true}]}}