{"id":1120,"date":"2022-11-03T22:07:51","date_gmt":"2022-11-03T21:07:51","guid":{"rendered":"https:\/\/northernholistic.de\/schwangerschaftsmassage\/"},"modified":"2023-11-15T10:53:39","modified_gmt":"2023-11-15T09:53:39","slug":"schwangerschaftsmassage","status":"publish","type":"page","link":"https:\/\/test2.northernholistic.de\/de\/schwangerschaftsmassage\/","title":{"rendered":"Schwangerschaftsmassage"},"content":{"rendered":"<p>[et_pb_section fb_built=&#8220;1&#8243; _builder_version=&#8220;4.16&#8243; _module_preset=&#8220;default&#8220; width=&#8220;100%&#8220; global_colors_info=&#8220;{}&#8220;][et_pb_row column_structure=&#8220;1_2,1_2&#8243; _builder_version=&#8220;4.16&#8243; _module_preset=&#8220;default&#8220; custom_padding=&#8220;27px|||||&#8220; global_colors_info=&#8220;{}&#8220;][et_pb_column type=&#8220;1_2&#8243; _builder_version=&#8220;4.16&#8243; _module_preset=&#8220;default&#8220; global_colors_info=&#8220;{}&#8220;][et_pb_divider show_divider=&#8220;off&#8220; disabled_on=&#8220;on|on|off&#8220; _builder_version=&#8220;4.16&#8243; _module_preset=&#8220;default&#8220; min_height=&#8220;100px&#8220; global_colors_info=&#8220;{}&#8220;][\/et_pb_divider][et_pb_text _builder_version=&#8220;4.21.0&#8243; _module_preset=&#8220;default&#8220; global_colors_info=&#8220;{}&#8220;]<\/p>\n<h1>Schwangerschaftsmassage Berlin<\/h1>\n<p>Suchen Sie eine Schwangerschaftsmassage in der N\u00e4he?<\/p>\n<p>[\/et_pb_text][\/et_pb_column][et_pb_column type=&#8220;1_2&#8243; _builder_version=&#8220;4.16&#8243; _module_preset=&#8220;default&#8220; global_colors_info=&#8220;{}&#8220;][et_pb_image src=&#8220;https:\/\/northernholistic.de\/wp-content\/uploads\/2022\/11\/Northern_Holistic_Pregnancy_massage-scaled.jpg&#8220; alt=&#8220;Schwangerschaftsmassage&#8220; title_text=&#8220;Schwangerschaftsmassage&#8220; _builder_version=&#8220;4.23.1&#8243; _module_preset=&#8220;default&#8220; hover_enabled=&#8220;0&#8243; global_colors_info=&#8220;{}&#8220; sticky_enabled=&#8220;0&#8243;][\/et_pb_image][\/et_pb_column][\/et_pb_row][et_pb_row _builder_version=&#8220;4.16&#8243; _module_preset=&#8220;default&#8220; global_colors_info=&#8220;{}&#8220;][et_pb_column type=&#8220;4_4&#8243; _builder_version=&#8220;4.16&#8243; _module_preset=&#8220;default&#8220; global_colors_info=&#8220;{}&#8220;][et_pb_text _builder_version=&#8220;4.18.0&#8243; _module_preset=&#8220;default&#8220; global_colors_info=&#8220;{}&#8220;]<\/p>\n<p><strong>Northern Holistic<\/strong> in Berlin-Sch\u00f6neberg ist auf <strong>Schwangerschaftsmassage<\/strong> spezialisiert Bei der Schwangerschaftsmassage werden die Massagetechniken so abgewandelt, dass Sie auf die speziellen k\u00f6rperlichen Gegebenheiten w\u00e4hrend der Schwangerschaft abgestimmt sind. Die Schwangerschaftsmassage ist wirksam bei der Reduktion von Verspannungen und k\u00f6rperlichen Schmerzen,Wassereinlagerungen in Beinen und F\u00fc\u00dfen und Angstzust\u00e4nden und Stress. Au\u00dferdem nimmt Sie einen positiven Einfluss auf den Hormonhaushalt.<\/p>\n<p><strong>Lesen Sie weiter, um mehr zu erfahren.<\/strong><\/p>\n<p>Die Kosten einer <strong>Schwangerschaftsmassage<\/strong> betragen <span>[simpleprice text=&#8220;97&#8243;]<\/span> f\u00fcr 30 Minuten, <span>[simpleprice text=&#8220;98&#8243;]<\/span> f\u00fcr 60 Minuten und <span>[simpleprice text=&#8220;99&#8243;]<\/span> f\u00fcr 90 Minuten. Buchen Sie jetzt ihre Schwangerschaftsmassage mit <strong>Northern Holistic<\/strong>:<\/p>\n<p>[\/et_pb_text][et_pb_pricing_tables show_bullet=&#8220;off&#8220; _builder_version=&#8220;4.18.0&#8243; _module_preset=&#8220;default&#8220; custom_css_pricing_top=&#8220;display:none;&#8220; custom_css_price=&#8220;display:none;&#8220; global_colors_info=&#8220;{}&#8220;][et_pb_pricing_table title=&#8220;30 Minuten&#8220; currency=&#8220;\u20ac&#8220; sum=&#8220;%91simpleprice text=97%93&#8243; button_url=&#8220;#bookly-form&#8220; button_text=&#8220;Einen Termin verabreden&#8220; _builder_version=&#8220;4.18.0&#8243; _module_preset=&#8220;default&#8220; global_colors_info=&#8220;{}&#8220; sticky_transition=&#8220;on&#8220;]<\/p>\n<h2 style=\"text-align: center; font-size: 70px;\">[simpleprice text=&#8220;97&#8243;]<\/h2>\n<p>[\/et_pb_pricing_table][et_pb_pricing_table title=&#8220;60 Minuten&#8220; currency=&#8220;\u20ac&#8220; sum=&#8220;%91simpleprice text=98%93&#8243; button_url=&#8220;#bookly-form&#8220; button_text=&#8220;Einen Termin verabreden&#8220; _builder_version=&#8220;4.18.0&#8243; _module_preset=&#8220;default&#8220; global_colors_info=&#8220;{}&#8220; sticky_transition=&#8220;on&#8220;]<\/p>\n<h2 style=\"text-align: center; font-size: 70px;\">[simpleprice text=&#8220;98&#8243;]<\/h2>\n<p>[\/et_pb_pricing_table][et_pb_pricing_table title=&#8220;90 Minuten&#8220; currency=&#8220;\u20ac&#8220; sum=&#8220;%91simpleprice text=99%93&#8243; button_url=&#8220;#bookly-form&#8220; button_text=&#8220;Einen Termin verabreden&#8220; _builder_version=&#8220;4.18.0&#8243; _module_preset=&#8220;default&#8220; global_colors_info=&#8220;{}&#8220; sticky_transition=&#8220;on&#8220;]<\/p>\n<h2 style=\"text-align: center; font-size: 70px;\">[simpleprice text=&#8220;99&#8243;]<\/h2>\n<p>[\/et_pb_pricing_table][\/et_pb_pricing_tables][\/et_pb_column][\/et_pb_row][et_pb_row _builder_version=&#8220;4.18.0&#8243; _module_preset=&#8220;default&#8220; global_colors_info=&#8220;{}&#8220;][et_pb_column type=&#8220;4_4&#8243; _builder_version=&#8220;4.16&#8243; _module_preset=&#8220;default&#8220; global_colors_info=&#8220;{}&#8220;][et_pb_text _builder_version=&#8220;4.18.0&#8243; _module_preset=&#8220;default&#8220; global_colors_info=&#8220;{}&#8220;]<\/p>\n<ol>\n<li><a href=\"#what-is-pregnancy-massage\">Was ist Schwangerschaftsmassage?<\/a><\/li>\n<li><a href=\"#benefits-pregnancy-massage\">Was sind die Vorteile der Schwangerschaftsmassage?<\/a><\/li>\n<li><a href=\"#suitable-pregnancy-massage\">Ist die Schwangerschaftsmassage f\u00fcr euch geeignet?<\/a><\/li>\n<li><a href=\"#help-pregnancy-massage\">Wie wir Ihnen helfen k\u00f6nnen<\/a><\/li>\n<li><a href=\"#faq-pregnancy-massage\">FAQ &#8211; H\u00e4ufig gestellte Fragen<\/a><\/li>\n<\/ol>\n<p>[\/et_pb_text][et_pb_text module_id=&#8220;what-is-pregnancy-massage&#8220; _builder_version=&#8220;4.18.0&#8243; _module_preset=&#8220;default&#8220; global_colors_info=&#8220;{}&#8220;]<\/p>\n<h2>1. Was ist Schwangerschaftsmassage?<\/h2>\n<p>Da der K\u00f6rper einer Schwangeren sich anatomisch ver\u00e4ndert, muss auch die Behandlung inklusive Lagerung w\u00e4hrend der Massage angepasst werden.<\/p>\n<p>Bei einer Schwangerschaftsmassage werden durch spezielle Massagetechniken die Beschwerden, die w\u00e4hrend einer Schwangerschaft auftreten k\u00f6nnen gelindert.<\/p>\n<p>Um die Behandlung genau auf Ihre Bed\u00fcrfnisse abzustimmen, nehmen wir uns vor der Behandlung Zeit, um genau zu erfahren, welche Beschwerden bei Ihnen aktuell im Vordergrund stehen.<\/p>\n<p>[\/et_pb_text][et_pb_text module_id=&#8220;benefits-pregnancy-massage&#8220; _builder_version=&#8220;4.18.0&#8243; _module_preset=&#8220;default&#8220; custom_padding=&#8220;4px|||||&#8220; global_colors_info=&#8220;{}&#8220;]<\/p>\n<h2>2. Was sind die Vorteile der Schwangerschaftsmassage?<\/h2>\n<p>Die Schwangerschaftsmassage lindert Schmerzen und Verspannungen, die durch ver\u00e4nderte K\u00f6rperhaltung und Belastung entstehen.<\/p>\n<p>Sie reguliert Hormonschwankungen und wirkt sich positiv auf den Hormonhaushalt aus.<\/p>\n<p>Sie regt den R\u00fcckfluss von Wassereinlagerungen in Beinen und F\u00fc\u00dfen an.<\/p>\n<p>Sie lindert Kopfschmerzen.<\/p>\n<p>Sie reduziert Stress und \u00c4ngste.<\/p>\n<p>Sie verbessert den Schlaf.<\/p>\n<p>[\/et_pb_text][et_pb_text module_id=&#8220;suitable-pregnancy-massage&#8220; _builder_version=&#8220;4.18.0&#8243; _module_preset=&#8220;default&#8220; global_colors_info=&#8220;{}&#8220;]<\/p>\n<h2>3. Ist eine Entspannungsmassage f\u00fcr Sie geeignet?<\/h2>\n<p>Wenn bei Ihnen durch die Schwangerschaft vermehrt Beschwerden auftreten, die den Alltag schwer fallen lassen oder Sie einfach Stress abbauen wollt ist die Schwangerschaftsmassage die perfekte ganzheitliche Erg\u00e4nzung zu den \u00e4rztlichen Ma\u00dfnahmen und Behandlungen.<\/p>\n<p>Wir bei Northern Holistic f\u00fchren die Schwangerschaftsmassage ab der 13. Schwangerschaftswoche durch (Beginn des 2. Trimenon).<\/p>\n<p>[\/et_pb_text][et_pb_text module_id=&#8220;help-pregnancy-massage&#8220; _builder_version=&#8220;4.18.0&#8243; _module_preset=&#8220;default&#8220; global_colors_info=&#8220;{}&#8220;]<\/p>\n<h2>4. Wie wir Ihnen helfen k\u00f6nnen<\/h2>\n<p>Unsere Schwangerschaftsmassage zielt darauf ab, Ihnen Linderung bei Beschwerden zu beschaffen, die w\u00e4hrend der Schwangerschaft aufkommen k\u00f6nnen.<\/p>\n<p>Sie l\u00f6st Verspannungen und damit Schmerzen, f\u00f6rdert den Wasserabtransport aus den Beinen und F\u00fc\u00dfen und wirkt ausgleichend auf K\u00f6rper und Geist.<\/p>\n<p>Da jeder K\u00f6rper anders ist und damit auch anders auf die Ver\u00e4nderungen w\u00e4hrend der Schwangerschaft reagiert, stellen wir eine individuell auf Ihre Bed\u00fcrfnisse angepasste Behandlung zusammen.<\/p>\n<p>[\/et_pb_text][et_pb_text module_id=&#8220;faq-pregnancy-massage&#8220; _builder_version=&#8220;4.18.0&#8243; _module_preset=&#8220;default&#8220; global_colors_info=&#8220;{}&#8220;]<\/p>\n<h2>5. FAQ &#8211; H\u00e4ufig gestellte Fragen<\/h2>\n<p><strong>Birgt die Massage Risiken f\u00fcr mich oder mein Kind?<\/strong><\/p>\n<p>Obwohl es keine wissenschaftlichen Erkenntnisse gibt, dass Massagen in der Fr\u00fchschwangerschaft negative Auswirkungen haben, sollten sie sicherheitshalber bis zum 4. Monat\/13. Woche warten.<\/p>\n<p>Richtig ausgef\u00fchrt mit pr\u00e4zisem, nicht allzu starkem Druck ergibt sich kein zus\u00e4tzliches Risiko f\u00fcr die Schwangerschaft.<\/p>\n<p><strong>In welchen Schwangerschaftswochen darf ich zur Schwangerschaftsmassage gehen?<\/strong><\/p>\n<p>Bei Northern Holistic behandeln wir Sie ab der 13. Schwangerschaftswoche.<\/p>\n<p><strong>Wann darf ich nicht zur Schwangerschaftsmassage gehen?<\/strong><\/p>\n<p>Falls mit ihrem Arzt nicht anders abgesprochen sollten Sie bei folgenden Bedingungen nicht zur Schwangerschaftsmassage gehen:<br \/>-erh\u00f6htes Thromboserisiko<br \/>-Diabetes<br \/>-fr\u00fchzeitige Wehen<br \/>-Risikoschwangerschaft<\/p>\n<p><strong>Ich habe geh\u00f6rt, dass man w\u00e4hrend der Schwangerschaft keine Fu\u00dfmassage bekommen sollte. Stimmt das?<\/strong><\/p>\n<p>Nein, eine Fu\u00dfmassage kann w\u00e4hren der Schwangerschaft sehr wohltuend wirken, die Gelenke entlasten und Schwellungen verringern. Es gibt einige Akupressurpunkte bzw Reflexzonen, die man nicht bearbeiten sollte, welche eine gut ausgebildeter Therapeut jedoch kennt.<\/p>\n<p><strong>Wie oft sollte ich zur Schwangerschaftsmassage gehen?<\/strong><\/p>\n<p>Da jeder K\u00f6rper anders mit einer Schwangerschaft umgeht, kann man diese Frage nicht genau beantworten. Wenn Ihre Schwangerschaft problemlos verl\u00e4uft, reicht es z.B einmal im Monat eine entspannende Massage zu bekommen.<\/p>\n<p>Falls w\u00e4hrend der Schwangerschaft Probleme, wie starke Verspannungen etc entstehen sollten, spricht nichts gegen eine w\u00f6chentliche Behandlung.<\/p>\n<p>Wir beraten Sie gerne bei Ihrem ersten Termin, wie oft Sie zu uns kommen sollten.<\/p>\n<p>[\/et_pb_text][\/et_pb_column][\/et_pb_row][et_pb_row _builder_version=&#8220;4.16&#8243; _module_preset=&#8220;default&#8220; global_colors_info=&#8220;{}&#8220;][et_pb_column type=&#8220;4_4&#8243; _builder_version=&#8220;4.16&#8243; _module_preset=&#8220;default&#8220; global_colors_info=&#8220;{}&#8220;][et_pb_text module_id=&#8220;bookly-form&#8220; _builder_version=&#8220;4.18.0&#8243; _module_preset=&#8220;default&#8220; global_colors_info=&#8220;{}&#8220;]<\/p>\n<h2>Buchen Sie jetzt Ihre Schwangerschaftsmassage bei Northern Holistic Berlin<\/h2>\n<p>[\/et_pb_text][et_pb_code _builder_version=&#8220;4.18.0&#8243; _module_preset=&#8220;default&#8220; global_colors_info=&#8220;{}&#8220;]<!--\nPlugin Name: Bookly - Responsive WordPress Appointment Booking and Scheduling Plugin\nPlugin URI: https:\/\/www.booking-wp-plugin.com\/?utm_source=bookly_admin&utm_medium=plugins_page&utm_campaign=plugins_page\nVersion: 26.7-->\n<style type=\"text\/css\">\n    :root {\n        --bookly-main-color: #7cc68d !important;\n        --bookly-color: #7cc68d !important;\n    }\n\n        \/* 1) Hide the Category column completely *\/\n.bookly-form .bookly-row .bookly-column:has(select[name=\"category_id\"]),\n.bookly-form label:has(+ select[name=\"category_id\"]),\n.bookly-form select[name=\"category_id\"] { display: none !important; }\n\n\/* 2) Put Employee before Service (requires Chrome\/Safari\/Edge that support :has) *\/\n.bookly-form .bookly-row { display: flex; flex-wrap: wrap; gap: 12px; }\n.bookly-form .bookly-row .bookly-column { order: 2; } \/* default *\/\n.bookly-form .bookly-row .bookly-column:has(select[name=\"staff_id\"]) { order: 1; }\n.bookly-form .bookly-row .bookly-column:has(select[name=\"service_id\"]) { order: 2; }\n\n\/* 3) Make the two remaining selects fill nicely *\/\n.bookly-form .bookly-row .bookly-column:has(select[name=\"staff_id\"]),\n.bookly-form .bookly-row .bookly-column:has(select[name=\"service_id\"]) {\n  flex: 1 1 320px;\n}    <\/style><div class=\"bookly-css-root\">\n    <div id=\"bookly-form-69d28dc1aae82\" class=\"bookly-form\" data-form_id=\"69d28dc1aae82\" aria-live=\"polite\">\n        <div style=\"text-align: center\"><img decoding=\"async\" data-src=\"https:\/\/test2.northernholistic.de\/wp-includes\/js\/tinymce\/skins\/lightgray\/img\/loader.gif\" alt=\"Wird geladen ...\" src=\"data:image\/svg+xml;base64,PHN2ZyB3aWR0aD0iMSIgaGVpZ2h0PSIxIiB4bWxucz0iaHR0cDovL3d3dy53My5vcmcvMjAwMC9zdmciPjwvc3ZnPg==\" class=\"lazyload\" \/><\/div>\n    <\/div>\n<\/div>\n<script type=\"text\/javascript\">\n    (function (win, fn) {\n        var done = false, top = true,\n            doc = win.document,\n            root = doc.documentElement,\n            modern = doc.addEventListener,\n            add = modern ? 'addEventListener' : 'attachEvent',\n            rem = modern ? 'removeEventListener' : 'detachEvent',\n            pre = modern ? '' : 'on',\n            init = function (e) {\n                if (e.type == 'readystatechange') if (doc.readyState != 'complete') return;\n                (e.type == 'load' ? win : doc)[rem](pre + e.type, init, false);\n                if (!done) {\n                    done = true;\n                    fn.call(win, e.type || e);\n                }\n            },\n            poll = function () {\n                try {\n                    root.doScroll('left');\n                } catch (e) {\n                    setTimeout(poll, 50);\n                    return;\n                }\n                init('poll');\n            };\n        if (doc.readyState == 'complete') fn.call(win, 'lazy');\n        else {\n            if (!modern) if (root.doScroll) {\n                try {\n                    top = !win.frameElement;\n                } catch (e) {\n                }\n                if (top) poll();\n            }\n            doc[add](pre + 'DOMContentLoaded', init, false);\n            doc[add](pre + 'readystatechange', init, false);\n            win[add](pre + 'load', init, false);\n        }\n    })(window, function () {\n        window.bookly( {\"form_id\":\"69d28dc1aae82\",\"status\":{\"booking\":\"new\"},\"skip_steps\":{\"service_part1\":0,\"service_part2\":0,\"extras\":1,\"time\":0,\"repeat\":1,\"cart\":1},\"errors\":{\"session_error\":\"Session-Fehler.\",\"form_id_error\":\"Formular-ID Fehler.\",\"cart_item_not_available\":\"Die gew\\u00e4hlte Zeit ist nicht mehr verf\\u00fcgbar. Bitte w\\u00e4hlen Sie ein anderes Zeitfenster.\",\"pay_locally_not_available\":\"Vor Ort zahlen ist nicht verf\\u00fcgbar.\",\"invalid_gateway\":\"Ung\\u00fcltiger Zugang.\",\"payment_error\":\"Fehler.\",\"incorrect_username_password\":\"Der Benutzername oder das Passwort ist falsch.\"},\"form_attributes\":{\"hide_categories\":false,\"hide_services\":false,\"hide_staff_members\":false,\"show_number_of_persons\":false,\"hide_service_duration\":true,\"hide_locations\":true,\"hide_quantity\":true,\"hide_date\":false,\"hide_week_days\":true,\"hide_time_range\":true},\"use_client_time_zone\":0,\"defaults\":{\"service_id\":0,\"staff_id\":0,\"location_id\":0,\"category_id\":17},\"datepicker_mode\":\"text-accent\"} );\n    });\n<\/script>[\/et_pb_code][\/et_pb_column][\/et_pb_row][\/et_pb_section]<\/p>\n","protected":false},"excerpt":{"rendered":"<p>Schwangerschaftsmassage Berlin Suchen Sie eine Schwangerschaftsmassage in der N\u00e4he?Northern Holistic in Berlin-Sch\u00f6neberg ist auf Schwangerschaftsmassage spezialisiert Bei der Schwangerschaftsmassage werden die Massagetechniken so abgewandelt, dass Sie auf die speziellen k\u00f6rperlichen Gegebenheiten w\u00e4hrend der Schwangerschaft abgestimmt sind. Die Schwangerschaftsmassage ist wirksam bei der Reduktion von Verspannungen und k\u00f6rperlichen Schmerzen,Wassereinlagerungen in Beinen und F\u00fc\u00dfen und Angstzust\u00e4nden und [&hellip;]<\/p>\n","protected":false},"author":2,"featured_media":0,"parent":0,"menu_order":0,"comment_status":"closed","ping_status":"closed","template":"","meta":{"_et_pb_use_builder":"on","_et_pb_old_content":"","_et_gb_content_width":"","footnotes":""},"class_list":["post-1120","page","type-page","status-publish","hentry"],"yoast_head":"<!-- This site is optimized with the Yoast SEO plugin v27.3 - https:\/\/yoast.com\/product\/yoast-seo-wordpress\/ -->\n<title>Schwangerschaftsmassage - Northern Holistic<\/title>\n<meta name=\"description\" content=\"Helfen Sie, Spannungen und k\u00f6rperliche Schmerzen w\u00e4hrend Ihrer Schwangerschaft zu reduzieren. Buchen Sie jetzt Ihre Schwangerschaftsmassage bei Northern Holistic Berlin\" \/>\n<meta name=\"robots\" content=\"noindex, follow, max-snippet:-1, max-image-preview:large, max-video-preview:-1\" \/>\n<meta property=\"og:locale\" content=\"de_DE\" \/>\n<meta property=\"og:type\" content=\"article\" \/>\n<meta property=\"og:title\" content=\"Schwangerschaftsmassage - Northern Holistic\" \/>\n<meta property=\"og:description\" content=\"Helfen Sie, Spannungen und k\u00f6rperliche Schmerzen w\u00e4hrend Ihrer Schwangerschaft zu reduzieren. Buchen Sie jetzt Ihre Schwangerschaftsmassage bei Northern Holistic Berlin\" \/>\n<meta property=\"og:url\" content=\"https:\/\/test2.northernholistic.de\/de\/schwangerschaftsmassage\/\" \/>\n<meta property=\"og:site_name\" content=\"Northern Holistic\" \/>\n<meta property=\"article:publisher\" content=\"https:\/\/www.facebook.com\/NorthernHolistic\" \/>\n<meta property=\"article:modified_time\" content=\"2023-11-15T09:53:39+00:00\" \/>\n<meta name=\"twitter:card\" content=\"summary_large_image\" \/>\n<meta name=\"twitter:label1\" content=\"Gesch\u00e4tzte Lesezeit\" \/>\n\t<meta name=\"twitter:data1\" content=\"6\u00a0Minuten\" \/>\n<script type=\"application\/ld+json\" class=\"yoast-schema-graph\">{\"@context\":\"https:\\\/\\\/schema.org\",\"@graph\":[{\"@type\":\"WebPage\",\"@id\":\"https:\\\/\\\/test2.northernholistic.de\\\/de\\\/schwangerschaftsmassage\\\/\",\"url\":\"https:\\\/\\\/test2.northernholistic.de\\\/de\\\/schwangerschaftsmassage\\\/\",\"name\":\"Schwangerschaftsmassage - Northern Holistic\",\"isPartOf\":{\"@id\":\"https:\\\/\\\/test2.northernholistic.de\\\/de\\\/#website\"},\"datePublished\":\"2022-11-03T21:07:51+00:00\",\"dateModified\":\"2023-11-15T09:53:39+00:00\",\"description\":\"Helfen Sie, Spannungen und k\u00f6rperliche Schmerzen w\u00e4hrend Ihrer Schwangerschaft zu reduzieren. Buchen Sie jetzt Ihre Schwangerschaftsmassage bei Northern Holistic Berlin\",\"breadcrumb\":{\"@id\":\"https:\\\/\\\/test2.northernholistic.de\\\/de\\\/schwangerschaftsmassage\\\/#breadcrumb\"},\"inLanguage\":\"de\",\"potentialAction\":[{\"@type\":\"ReadAction\",\"target\":[\"https:\\\/\\\/test2.northernholistic.de\\\/de\\\/schwangerschaftsmassage\\\/\"]}]},{\"@type\":\"BreadcrumbList\",\"@id\":\"https:\\\/\\\/test2.northernholistic.de\\\/de\\\/schwangerschaftsmassage\\\/#breadcrumb\",\"itemListElement\":[{\"@type\":\"ListItem\",\"position\":1,\"name\":\"Home\",\"item\":\"https:\\\/\\\/test2.northernholistic.de\\\/de\\\/\"},{\"@type\":\"ListItem\",\"position\":2,\"name\":\"Schwangerschaftsmassage\"}]},{\"@type\":\"WebSite\",\"@id\":\"https:\\\/\\\/test2.northernholistic.de\\\/de\\\/#website\",\"url\":\"https:\\\/\\\/test2.northernholistic.de\\\/de\\\/\",\"name\":\"Northern Holistic\",\"description\":\"A centre dedicated to Holistic Therapies\",\"publisher\":{\"@id\":\"https:\\\/\\\/test2.northernholistic.de\\\/de\\\/#organization\"},\"potentialAction\":[{\"@type\":\"SearchAction\",\"target\":{\"@type\":\"EntryPoint\",\"urlTemplate\":\"https:\\\/\\\/test2.northernholistic.de\\\/de\\\/?s={search_term_string}\"},\"query-input\":{\"@type\":\"PropertyValueSpecification\",\"valueRequired\":true,\"valueName\":\"search_term_string\"}}],\"inLanguage\":\"de\"},{\"@type\":\"Organization\",\"@id\":\"https:\\\/\\\/test2.northernholistic.de\\\/de\\\/#organization\",\"name\":\"Northern Holistic\",\"url\":\"https:\\\/\\\/test2.northernholistic.de\\\/de\\\/\",\"logo\":{\"@type\":\"ImageObject\",\"inLanguage\":\"de\",\"@id\":\"https:\\\/\\\/test2.northernholistic.de\\\/de\\\/#\\\/schema\\\/logo\\\/image\\\/\",\"url\":\"https:\\\/\\\/northernholistic.de\\\/wp-content\\\/uploads\\\/2021\\\/05\\\/Noho-New-Transparent.png\",\"contentUrl\":\"https:\\\/\\\/northernholistic.de\\\/wp-content\\\/uploads\\\/2021\\\/05\\\/Noho-New-Transparent.png\",\"width\":608,\"height\":314,\"caption\":\"Northern Holistic\"},\"image\":{\"@id\":\"https:\\\/\\\/test2.northernholistic.de\\\/de\\\/#\\\/schema\\\/logo\\\/image\\\/\"},\"sameAs\":[\"https:\\\/\\\/www.facebook.com\\\/NorthernHolistic\"]}]}<\/script>\n<!-- \/ Yoast SEO plugin. -->","yoast_head_json":{"title":"Schwangerschaftsmassage - Northern Holistic","description":"Helfen Sie, Spannungen und k\u00f6rperliche Schmerzen w\u00e4hrend Ihrer Schwangerschaft zu reduzieren. Buchen Sie jetzt Ihre Schwangerschaftsmassage bei Northern Holistic Berlin","robots":{"index":"noindex","follow":"follow","max-snippet":"max-snippet:-1","max-image-preview":"max-image-preview:large","max-video-preview":"max-video-preview:-1"},"og_locale":"de_DE","og_type":"article","og_title":"Schwangerschaftsmassage - Northern Holistic","og_description":"Helfen Sie, Spannungen und k\u00f6rperliche Schmerzen w\u00e4hrend Ihrer Schwangerschaft zu reduzieren. Buchen Sie jetzt Ihre Schwangerschaftsmassage bei Northern Holistic Berlin","og_url":"https:\/\/test2.northernholistic.de\/de\/schwangerschaftsmassage\/","og_site_name":"Northern Holistic","article_publisher":"https:\/\/www.facebook.com\/NorthernHolistic","article_modified_time":"2023-11-15T09:53:39+00:00","twitter_card":"summary_large_image","twitter_misc":{"Gesch\u00e4tzte Lesezeit":"6\u00a0Minuten"},"schema":{"@context":"https:\/\/schema.org","@graph":[{"@type":"WebPage","@id":"https:\/\/test2.northernholistic.de\/de\/schwangerschaftsmassage\/","url":"https:\/\/test2.northernholistic.de\/de\/schwangerschaftsmassage\/","name":"Schwangerschaftsmassage - Northern Holistic","isPartOf":{"@id":"https:\/\/test2.northernholistic.de\/de\/#website"},"datePublished":"2022-11-03T21:07:51+00:00","dateModified":"2023-11-15T09:53:39+00:00","description":"Helfen Sie, Spannungen und k\u00f6rperliche Schmerzen w\u00e4hrend Ihrer Schwangerschaft zu reduzieren. Buchen Sie jetzt Ihre Schwangerschaftsmassage bei Northern Holistic Berlin","breadcrumb":{"@id":"https:\/\/test2.northernholistic.de\/de\/schwangerschaftsmassage\/#breadcrumb"},"inLanguage":"de","potentialAction":[{"@type":"ReadAction","target":["https:\/\/test2.northernholistic.de\/de\/schwangerschaftsmassage\/"]}]},{"@type":"BreadcrumbList","@id":"https:\/\/test2.northernholistic.de\/de\/schwangerschaftsmassage\/#breadcrumb","itemListElement":[{"@type":"ListItem","position":1,"name":"Home","item":"https:\/\/test2.northernholistic.de\/de\/"},{"@type":"ListItem","position":2,"name":"Schwangerschaftsmassage"}]},{"@type":"WebSite","@id":"https:\/\/test2.northernholistic.de\/de\/#website","url":"https:\/\/test2.northernholistic.de\/de\/","name":"Northern Holistic","description":"A centre dedicated to Holistic Therapies","publisher":{"@id":"https:\/\/test2.northernholistic.de\/de\/#organization"},"potentialAction":[{"@type":"SearchAction","target":{"@type":"EntryPoint","urlTemplate":"https:\/\/test2.northernholistic.de\/de\/?s={search_term_string}"},"query-input":{"@type":"PropertyValueSpecification","valueRequired":true,"valueName":"search_term_string"}}],"inLanguage":"de"},{"@type":"Organization","@id":"https:\/\/test2.northernholistic.de\/de\/#organization","name":"Northern Holistic","url":"https:\/\/test2.northernholistic.de\/de\/","logo":{"@type":"ImageObject","inLanguage":"de","@id":"https:\/\/test2.northernholistic.de\/de\/#\/schema\/logo\/image\/","url":"https:\/\/northernholistic.de\/wp-content\/uploads\/2021\/05\/Noho-New-Transparent.png","contentUrl":"https:\/\/northernholistic.de\/wp-content\/uploads\/2021\/05\/Noho-New-Transparent.png","width":608,"height":314,"caption":"Northern Holistic"},"image":{"@id":"https:\/\/test2.northernholistic.de\/de\/#\/schema\/logo\/image\/"},"sameAs":["https:\/\/www.facebook.com\/NorthernHolistic"]}]}},"_links":{"self":[{"href":"https:\/\/test2.northernholistic.de\/de\/wp-json\/wp\/v2\/pages\/1120","targetHints":{"allow":["GET"]}}],"collection":[{"href":"https:\/\/test2.northernholistic.de\/de\/wp-json\/wp\/v2\/pages"}],"about":[{"href":"https:\/\/test2.northernholistic.de\/de\/wp-json\/wp\/v2\/types\/page"}],"author":[{"embeddable":true,"href":"https:\/\/test2.northernholistic.de\/de\/wp-json\/wp\/v2\/users\/2"}],"replies":[{"embeddable":true,"href":"https:\/\/test2.northernholistic.de\/de\/wp-json\/wp\/v2\/comments?post=1120"}],"version-history":[{"count":15,"href":"https:\/\/test2.northernholistic.de\/de\/wp-json\/wp\/v2\/pages\/1120\/revisions"}],"predecessor-version":[{"id":1859,"href":"https:\/\/test2.northernholistic.de\/de\/wp-json\/wp\/v2\/pages\/1120\/revisions\/1859"}],"wp:attachment":[{"href":"https:\/\/test2.northernholistic.de\/de\/wp-json\/wp\/v2\/media?parent=1120"}],"curies":[{"name":"wp","href":"https:\/\/api.w.org\/{rel}","templated":true}]}}