{"id":1366,"date":"2022-12-03T17:35:59","date_gmt":"2022-12-03T16:35:59","guid":{"rendered":"https:\/\/northernholistic.de\/geschenkkarte\/"},"modified":"2025-12-17T10:03:20","modified_gmt":"2025-12-17T09:03:20","slug":"geschenkkarte","status":"publish","type":"page","link":"https:\/\/test2.northernholistic.de\/de\/geschenkkarte\/","title":{"rendered":"Geschenkkarte"},"content":{"rendered":"<p>[et_pb_section fb_built=&#8220;1&#8243; _builder_version=&#8220;4.16&#8243; _module_preset=&#8220;default&#8220; global_colors_info=&#8220;{}&#8220;][et_pb_row _builder_version=&#8220;4.27.0&#8243; _module_preset=&#8220;default&#8220; global_colors_info=&#8220;{}&#8220;][et_pb_column type=&#8220;4_4&#8243; _builder_version=&#8220;4.16&#8243; _module_preset=&#8220;default&#8220; global_colors_info=&#8220;{}&#8220;][et_pb_code _builder_version=&#8220;4.16&#8243; _module_preset=&#8220;default&#8220; global_colors_info=&#8220;{}&#8220;][\/et_pb_code][et_pb_text _builder_version=&#8220;4.27.4&#8243; _module_preset=&#8220;default&#8220; hover_enabled=&#8220;0&#8243; global_colors_info=&#8220;{}&#8220; sticky_enabled=&#8220;0&#8243;]<\/p>\n<p data-start=\"84\" data-end=\"177\">Wenn Sie auf der Suche nach dem perfekten Geschenk sind, ist der Northern Holistic Geschenkgutschein genau das Richtige.<\/p>\n<p data-start=\"184\" data-end=\"441\">Bitte beachten Sie, dass unsere Geschenkgutscheine ausschlie\u00dflich in elektronischer Form erh\u00e4ltlich sind. Physische Gutscheine k\u00f6nnen wir im Studio leider nicht ausstellen. Sie haben jedoch die M\u00f6glichkeit, den Gutschein selbst auszudrucken oder ihn direkt per E-Mail an den Empf\u00e4nger zu senden. <\/p>\n<p data-start=\"448\" data-end=\"592\">Bei Auswahl der E-Mail-Option k\u00f6nnen Sie eine pers\u00f6nliche Nachricht hinzuf\u00fcgen, die unseren Standardtext vollst\u00e4ndig ersetzt und den Gutschein besonders individuell macht.<\/p>\n<p>[\/et_pb_text][et_pb_code _builder_version=&#8220;4.27.0&#8243; _module_preset=&#8220;default&#8220; global_colors_info=&#8220;{}&#8220;]\n<form method=\"post\" class=\"gift-card-form\">\n    <input type=\"hidden\" id=\"gift_card_nonce\" name=\"gift_card_nonce\" value=\"716ac197e4\" \/><input type=\"hidden\" name=\"_wp_http_referer\" value=\"\/de\/wp-json\/wp\/v2\/pages\/1366\" \/>    \n    <div class=\"amount-section\">\n        <label for=\"amount\" class=\"amount-label\">\n            Geschenkkartenbetrag        <\/label>\n        <div class=\"amount-input-container\">\n            <span class=\"currency-symbol\">\u20ac<\/span>\n            <input type=\"number\" \n                   id=\"amount\" \n                   name=\"amount\" \n                   min=\"30\" \n                   step=\"5\" \n                   required \n                   class=\"amount-input\"\n                   value=\"\">\n        <\/div>\n    <\/div>\n\n  <!-- Sender Information Section -->\n<div class=\"info-section\">\n    <h3 class=\"section-heading\">\n        Ihre Informationen    <\/h3>\n        <div class=\"info-container\">\n            <div class=\"form-row\">\n                <label for=\"your_name\">\n                    Ihr Name *\n                <\/label>\n                <input type=\"text\" \n                       id=\"your_name\" \n                       name=\"your_name\" \n                       required\n                       value=\"\">\n            <\/div>\n            <div class=\"form-row\">\n                <label for=\"your_email\">\n                    Ihre E-Mail *\n                <\/label>\n                <input type=\"email\" \n                       id=\"your_email\" \n                       name=\"your_email\"\n                       required\n                       value=\"\">\n            <\/div>\n        <\/div>\n    <\/div>\n\n  <!-- Recipient Information Section -->\n<div class=\"info-section\">\n    <h3 class=\"section-heading\">\n        Empf\u00e4ngerinformationen    <\/h3>\n        <div class=\"info-container\">\n            <div class=\"form-row\">\n                <label for=\"recipient_name\">\n                    Ihr Name *\n                <\/label>\n                <input type=\"text\" \n                       id=\"recipient_name\" \n                       name=\"recipient_name\" \n                       required\n                       value=\"\">\n            <\/div>\n\n            <div class=\"form-row recipient-email-field\">\n                <label for=\"recipient_email\" id=\"recipient-email-label\">\n                    Ihre E-Mail                    <span class=\"required-indicator\" style=\"display: none;\"> *<\/span>\n                <\/label>\n                <input type=\"email\" \n                       id=\"recipient_email\" \n                       name=\"recipient_email\"\n                       value=\"\">\n                <small class=\"field-hint\" style=\"display: none;\">\n                    Required for email delivery                <\/small>\n            <\/div>\n        <\/div>\n    <\/div>\n\n   <div class=\"form-row\">\n    <label for=\"language\">Sprache<\/label>\n    <select id=\"language\" name=\"language\" required>\n        <option value=\"en\" >\n            Englisch        <\/option>\n        <option value=\"de\" >\n            Deutsch        <\/option>\n    <\/select>\n<\/div>\n\t\n<fieldset class=\"delivery-options\">\n    <legend>Versandart *<\/legend>\n    <div class=\"delivery-option\">\n        <label for=\"delivery_print\">\n            <input type=\"radio\" \n                   id=\"delivery_print\" \n                   name=\"delivery_method\" \n                   value=\"print\" \n                   required\n                   >\n            Ich m\u00f6chte den Gutschein ausdrucken - Sie erhalten eine E-Mail mit einem Link zum Download        <\/label>\n    <\/div>\n    <div class=\"delivery-option\">\n        <label for=\"delivery_email\">\n            <input type=\"radio\" \n                   id=\"delivery_email\" \n                   name=\"delivery_method\" \n                   value=\"email\"\n                   >\n            Ich m\u00f6chte den Gutschein per E-Mail an den Empf\u00e4nger senden        <\/label>\n    <\/div>\n<\/fieldset>\n\t\n\n<!-- Design and Message Section - Always present, shown\/hidden by JavaScript -->\n<div class=\"email-design-section\" id=\"email-design-section\" style=\"display: none;\">\n    <div class=\"form-row\">\n        <label for=\"design_selection\">\n            E-Mail-Design ausw\u00e4hlen        <\/label>\n        <div class=\"design-carousel-wrapper\">\n            <button type=\"button\" class=\"carousel-nav prev\" aria-label=\"Previous design\">\u2190<\/button>\n            <div class=\"design-carousel\">\n                <div class=\"design-carousel-track\">\n                                                                    <div class=\"design-option\">\n                            <input type=\"radio\"\n                                   name=\"design\"\n                                   value=\"happybirthday\"\n                                   id=\"design_happybirthday\"\n                                   >\n                            <label for=\"design_happybirthday\">\n                                <img decoding=\"async\" data-src=\"https:\/\/test2.northernholistic.de\/wp-content\/uploads\/gift-card-designs\/Northern_Holistic_Gift_Card_Happy_Birthday-_EN.jpg\"\n                                     alt=\"Happy Birthday\"\n                                     title=\"Happy Birthday\" src=\"data:image\/svg+xml;base64,PHN2ZyB3aWR0aD0iMSIgaGVpZ2h0PSIxIiB4bWxucz0iaHR0cDovL3d3dy53My5vcmcvMjAwMC9zdmciPjwvc3ZnPg==\" class=\"lazyload\" style=\"--smush-placeholder-width: 1792px; --smush-placeholder-aspect-ratio: 1792\/1024;\">\n                                <span class=\"design-name\">Happy Birthday<\/span>\n                            <\/label>\n                        <\/div>\n                                                <div class=\"design-option\">\n                            <input type=\"radio\"\n                                   name=\"design\"\n                                   value=\"congratulations\"\n                                   id=\"design_congratulations\"\n                                   >\n                            <label for=\"design_congratulations\">\n                                <img decoding=\"async\" data-src=\"https:\/\/test2.northernholistic.de\/wp-content\/uploads\/gift-card-designs\/Northern_Holistic_Gift_Card_Congratulations.webp.webp\"\n                                     alt=\"Congratulations\"\n                                     title=\"Congratulations\" src=\"data:image\/svg+xml;base64,PHN2ZyB3aWR0aD0iMSIgaGVpZ2h0PSIxIiB4bWxucz0iaHR0cDovL3d3dy53My5vcmcvMjAwMC9zdmciPjwvc3ZnPg==\" class=\"lazyload\" style=\"--smush-placeholder-width: 1792px; --smush-placeholder-aspect-ratio: 1792\/1024;\">\n                                <span class=\"design-name\">Congratulations<\/span>\n                            <\/label>\n                        <\/div>\n                                                <div class=\"design-option\">\n                            <input type=\"radio\"\n                                   name=\"design\"\n                                   value=\"merryxmas\"\n                                   id=\"design_merryxmas\"\n                                   >\n                            <label for=\"design_merryxmas\">\n                                <img decoding=\"async\" data-src=\"https:\/\/test2.northernholistic.de\/wp-content\/uploads\/gift-card-designs\/english_christmas_template_v2.png\"\n                                     alt=\"Merry Christmas\"\n                                     title=\"Merry Christmas\" src=\"data:image\/svg+xml;base64,PHN2ZyB3aWR0aD0iMSIgaGVpZ2h0PSIxIiB4bWxucz0iaHR0cDovL3d3dy53My5vcmcvMjAwMC9zdmciPjwvc3ZnPg==\" class=\"lazyload\" style=\"--smush-placeholder-width: 1792px; --smush-placeholder-aspect-ratio: 1792\/1024;\">\n                                <span class=\"design-name\">Merry Christmas<\/span>\n                            <\/label>\n                        <\/div>\n                                                            <\/div>\n            <\/div>\n            <button type=\"button\" class=\"carousel-nav next\" aria-label=\"Next design\">\u2192<\/button>\n        <\/div>\n        <small class=\"field-hint\">Leave unselected for default design<\/small>\n    <\/div>\n\n      <div class=\"form-row\">\n        <label for=\"gift_message\">\n            Pers\u00f6nliche Nachricht        <\/label>\n        <textarea id=\"gift_message\" \n                  name=\"gift_message\" \n                  rows=\"4\" \n                  placeholder=\"Add a personal message to the recipient...\"><\/textarea>\n        <small class=\"field-hint\">\n            This will be included in the email. We'll add \"Dear [Name]\" automatically.        <\/small>\n    <\/div>\n<\/div>\n\n<!-- Hidden fields to ensure values are always submitted -->\n<input type=\"hidden\" name=\"design\" value=\"\" id=\"design-hidden-field\">\n<input type=\"hidden\" name=\"gift_message_backup\" value=\"\" id=\"message-hidden-field\">\n\n\n  <div class=\"terms-checkbox\">\n    <label for=\"terms_accepted\">\n        <input type=\"checkbox\" \n               id=\"terms_accepted\" \n               name=\"terms_accepted\" \n               required\n               >\n        Ich verstehe, dass diese Geschenkkarte nur 2 Jahre ab Kaufdatum g\u00fcltig ist *    <\/label>\n<\/div>\n    <button type=\"submit\" name=\"add_gift_card\" class=\"submit-button\">\n        Geschenkkarte kaufen    <\/button>\n<\/form>[\/et_pb_code][\/et_pb_column][\/et_pb_row][\/et_pb_section]<\/p>\n","protected":false},"excerpt":{"rendered":"<p>Wenn Sie auf der Suche nach dem perfekten Geschenk sind, ist der Northern Holistic Geschenkgutschein genau das Richtige. Bitte beachten Sie, dass unsere Geschenkgutscheine ausschlie\u00dflich in elektronischer Form erh\u00e4ltlich sind. Physische Gutscheine k\u00f6nnen wir im Studio leider nicht ausstellen. Sie haben jedoch die M\u00f6glichkeit, den Gutschein selbst auszudrucken oder ihn direkt per E-Mail an den [&hellip;]<\/p>\n","protected":false},"author":2,"featured_media":0,"parent":0,"menu_order":0,"comment_status":"closed","ping_status":"closed","template":"","meta":{"_et_pb_use_builder":"on","_et_pb_old_content":"","_et_gb_content_width":"","footnotes":""},"class_list":["post-1366","page","type-page","status-publish","hentry"],"yoast_head":"<!-- This site is optimized with the Yoast SEO plugin v27.3 - https:\/\/yoast.com\/product\/yoast-seo-wordpress\/ -->\n<title>Geschenkkarte - Northern Holistic<\/title>\n<meta name=\"robots\" content=\"noindex, follow\" \/>\n<meta property=\"og:locale\" content=\"de_DE\" \/>\n<meta property=\"og:type\" content=\"article\" \/>\n<meta property=\"og:title\" content=\"Geschenkkarte - Northern Holistic\" \/>\n<meta property=\"og:description\" content=\"Wenn Sie auf der Suche nach dem perfekten Geschenk sind, ist der Northern Holistic Geschenkgutschein genau das Richtige. Bitte beachten Sie, dass unsere Geschenkgutscheine ausschlie\u00dflich in elektronischer Form erh\u00e4ltlich sind. Physische Gutscheine k\u00f6nnen wir im Studio leider nicht ausstellen. Sie haben jedoch die M\u00f6glichkeit, den Gutschein selbst auszudrucken oder ihn direkt per E-Mail an den [&hellip;]\" \/>\n<meta property=\"og:url\" content=\"https:\/\/test2.northernholistic.de\/de\/geschenkkarte\/\" \/>\n<meta property=\"og:site_name\" content=\"Northern Holistic\" \/>\n<meta property=\"article:publisher\" content=\"https:\/\/www.facebook.com\/NorthernHolistic\" \/>\n<meta property=\"article:modified_time\" content=\"2025-12-17T09:03:20+00:00\" \/>\n<meta name=\"twitter:card\" content=\"summary_large_image\" \/>\n<meta name=\"twitter:label1\" content=\"Gesch\u00e4tzte Lesezeit\" \/>\n\t<meta name=\"twitter:data1\" content=\"1\u00a0Minute\" \/>\n<script type=\"application\/ld+json\" class=\"yoast-schema-graph\">{\"@context\":\"https:\\\/\\\/schema.org\",\"@graph\":[{\"@type\":\"WebPage\",\"@id\":\"https:\\\/\\\/test2.northernholistic.de\\\/de\\\/geschenkkarte\\\/\",\"url\":\"https:\\\/\\\/test2.northernholistic.de\\\/de\\\/geschenkkarte\\\/\",\"name\":\"Geschenkkarte - Northern Holistic\",\"isPartOf\":{\"@id\":\"https:\\\/\\\/test2.northernholistic.de\\\/de\\\/#website\"},\"datePublished\":\"2022-12-03T16:35:59+00:00\",\"dateModified\":\"2025-12-17T09:03:20+00:00\",\"breadcrumb\":{\"@id\":\"https:\\\/\\\/test2.northernholistic.de\\\/de\\\/geschenkkarte\\\/#breadcrumb\"},\"inLanguage\":\"de\",\"potentialAction\":[{\"@type\":\"ReadAction\",\"target\":[\"https:\\\/\\\/test2.northernholistic.de\\\/de\\\/geschenkkarte\\\/\"]}]},{\"@type\":\"BreadcrumbList\",\"@id\":\"https:\\\/\\\/test2.northernholistic.de\\\/de\\\/geschenkkarte\\\/#breadcrumb\",\"itemListElement\":[{\"@type\":\"ListItem\",\"position\":1,\"name\":\"Home\",\"item\":\"https:\\\/\\\/test2.northernholistic.de\\\/de\\\/\"},{\"@type\":\"ListItem\",\"position\":2,\"name\":\"Geschenkkarte\"}]},{\"@type\":\"WebSite\",\"@id\":\"https:\\\/\\\/test2.northernholistic.de\\\/de\\\/#website\",\"url\":\"https:\\\/\\\/test2.northernholistic.de\\\/de\\\/\",\"name\":\"Northern Holistic\",\"description\":\"A centre dedicated to Holistic Therapies\",\"publisher\":{\"@id\":\"https:\\\/\\\/test2.northernholistic.de\\\/de\\\/#organization\"},\"potentialAction\":[{\"@type\":\"SearchAction\",\"target\":{\"@type\":\"EntryPoint\",\"urlTemplate\":\"https:\\\/\\\/test2.northernholistic.de\\\/de\\\/?s={search_term_string}\"},\"query-input\":{\"@type\":\"PropertyValueSpecification\",\"valueRequired\":true,\"valueName\":\"search_term_string\"}}],\"inLanguage\":\"de\"},{\"@type\":\"Organization\",\"@id\":\"https:\\\/\\\/test2.northernholistic.de\\\/de\\\/#organization\",\"name\":\"Northern Holistic\",\"url\":\"https:\\\/\\\/test2.northernholistic.de\\\/de\\\/\",\"logo\":{\"@type\":\"ImageObject\",\"inLanguage\":\"de\",\"@id\":\"https:\\\/\\\/test2.northernholistic.de\\\/de\\\/#\\\/schema\\\/logo\\\/image\\\/\",\"url\":\"https:\\\/\\\/northernholistic.de\\\/wp-content\\\/uploads\\\/2021\\\/05\\\/Noho-New-Transparent.png\",\"contentUrl\":\"https:\\\/\\\/northernholistic.de\\\/wp-content\\\/uploads\\\/2021\\\/05\\\/Noho-New-Transparent.png\",\"width\":608,\"height\":314,\"caption\":\"Northern Holistic\"},\"image\":{\"@id\":\"https:\\\/\\\/test2.northernholistic.de\\\/de\\\/#\\\/schema\\\/logo\\\/image\\\/\"},\"sameAs\":[\"https:\\\/\\\/www.facebook.com\\\/NorthernHolistic\"]}]}<\/script>\n<!-- \/ Yoast SEO plugin. -->","yoast_head_json":{"title":"Geschenkkarte - Northern Holistic","robots":{"index":"noindex","follow":"follow"},"og_locale":"de_DE","og_type":"article","og_title":"Geschenkkarte - Northern Holistic","og_description":"Wenn Sie auf der Suche nach dem perfekten Geschenk sind, ist der Northern Holistic Geschenkgutschein genau das Richtige. Bitte beachten Sie, dass unsere Geschenkgutscheine ausschlie\u00dflich in elektronischer Form erh\u00e4ltlich sind. Physische Gutscheine k\u00f6nnen wir im Studio leider nicht ausstellen. Sie haben jedoch die M\u00f6glichkeit, den Gutschein selbst auszudrucken oder ihn direkt per E-Mail an den [&hellip;]","og_url":"https:\/\/test2.northernholistic.de\/de\/geschenkkarte\/","og_site_name":"Northern Holistic","article_publisher":"https:\/\/www.facebook.com\/NorthernHolistic","article_modified_time":"2025-12-17T09:03:20+00:00","twitter_card":"summary_large_image","twitter_misc":{"Gesch\u00e4tzte Lesezeit":"1\u00a0Minute"},"schema":{"@context":"https:\/\/schema.org","@graph":[{"@type":"WebPage","@id":"https:\/\/test2.northernholistic.de\/de\/geschenkkarte\/","url":"https:\/\/test2.northernholistic.de\/de\/geschenkkarte\/","name":"Geschenkkarte - Northern Holistic","isPartOf":{"@id":"https:\/\/test2.northernholistic.de\/de\/#website"},"datePublished":"2022-12-03T16:35:59+00:00","dateModified":"2025-12-17T09:03:20+00:00","breadcrumb":{"@id":"https:\/\/test2.northernholistic.de\/de\/geschenkkarte\/#breadcrumb"},"inLanguage":"de","potentialAction":[{"@type":"ReadAction","target":["https:\/\/test2.northernholistic.de\/de\/geschenkkarte\/"]}]},{"@type":"BreadcrumbList","@id":"https:\/\/test2.northernholistic.de\/de\/geschenkkarte\/#breadcrumb","itemListElement":[{"@type":"ListItem","position":1,"name":"Home","item":"https:\/\/test2.northernholistic.de\/de\/"},{"@type":"ListItem","position":2,"name":"Geschenkkarte"}]},{"@type":"WebSite","@id":"https:\/\/test2.northernholistic.de\/de\/#website","url":"https:\/\/test2.northernholistic.de\/de\/","name":"Northern Holistic","description":"A centre dedicated to Holistic Therapies","publisher":{"@id":"https:\/\/test2.northernholistic.de\/de\/#organization"},"potentialAction":[{"@type":"SearchAction","target":{"@type":"EntryPoint","urlTemplate":"https:\/\/test2.northernholistic.de\/de\/?s={search_term_string}"},"query-input":{"@type":"PropertyValueSpecification","valueRequired":true,"valueName":"search_term_string"}}],"inLanguage":"de"},{"@type":"Organization","@id":"https:\/\/test2.northernholistic.de\/de\/#organization","name":"Northern Holistic","url":"https:\/\/test2.northernholistic.de\/de\/","logo":{"@type":"ImageObject","inLanguage":"de","@id":"https:\/\/test2.northernholistic.de\/de\/#\/schema\/logo\/image\/","url":"https:\/\/northernholistic.de\/wp-content\/uploads\/2021\/05\/Noho-New-Transparent.png","contentUrl":"https:\/\/northernholistic.de\/wp-content\/uploads\/2021\/05\/Noho-New-Transparent.png","width":608,"height":314,"caption":"Northern Holistic"},"image":{"@id":"https:\/\/test2.northernholistic.de\/de\/#\/schema\/logo\/image\/"},"sameAs":["https:\/\/www.facebook.com\/NorthernHolistic"]}]}},"_links":{"self":[{"href":"https:\/\/test2.northernholistic.de\/de\/wp-json\/wp\/v2\/pages\/1366","targetHints":{"allow":["GET"]}}],"collection":[{"href":"https:\/\/test2.northernholistic.de\/de\/wp-json\/wp\/v2\/pages"}],"about":[{"href":"https:\/\/test2.northernholistic.de\/de\/wp-json\/wp\/v2\/types\/page"}],"author":[{"embeddable":true,"href":"https:\/\/test2.northernholistic.de\/de\/wp-json\/wp\/v2\/users\/2"}],"replies":[{"embeddable":true,"href":"https:\/\/test2.northernholistic.de\/de\/wp-json\/wp\/v2\/comments?post=1366"}],"version-history":[{"count":9,"href":"https:\/\/test2.northernholistic.de\/de\/wp-json\/wp\/v2\/pages\/1366\/revisions"}],"predecessor-version":[{"id":2605,"href":"https:\/\/test2.northernholistic.de\/de\/wp-json\/wp\/v2\/pages\/1366\/revisions\/2605"}],"wp:attachment":[{"href":"https:\/\/test2.northernholistic.de\/de\/wp-json\/wp\/v2\/media?parent=1366"}],"curies":[{"name":"wp","href":"https:\/\/api.w.org\/{rel}","templated":true}]}}