{"id":337,"date":"2021-09-10T15:15:26","date_gmt":"2021-09-10T13:15:26","guid":{"rendered":"https:\/\/northernholistic.de\/ueber-uns\/"},"modified":"2025-05-13T10:03:54","modified_gmt":"2025-05-13T08:03:54","slug":"ueber-uns","status":"publish","type":"page","link":"https:\/\/test2.northernholistic.de\/de\/ueber-uns\/","title":{"rendered":"\u00dcber uns"},"content":{"rendered":"<p>[et_pb_section fb_built=&#8220;1&#8243; _builder_version=&#8220;4.16&#8243; _module_preset=&#8220;default&#8220; global_colors_info=&#8220;{}&#8220;][et_pb_row _builder_version=&#8220;4.16&#8243; _module_preset=&#8220;default&#8220; global_colors_info=&#8220;{}&#8220;][et_pb_column type=&#8220;4_4&#8243; _builder_version=&#8220;4.16&#8243; _module_preset=&#8220;default&#8220; global_colors_info=&#8220;{}&#8220;][et_pb_text _builder_version=&#8220;4.21.0&#8243; _module_preset=&#8220;default&#8220; global_colors_info=&#8220;{}&#8220;]<\/p>\n<h1 style=\"text-align: center;\">\u00dcber Northern Holistic<\/h1>\n<p>[\/et_pb_text][\/et_pb_column][\/et_pb_row][et_pb_row column_structure=&#8220;1_2,1_2&#8243; _builder_version=&#8220;4.16&#8243; _module_preset=&#8220;default&#8220; global_colors_info=&#8220;{}&#8220;][et_pb_column type=&#8220;1_2&#8243; _builder_version=&#8220;4.16&#8243; _module_preset=&#8220;default&#8220; global_colors_info=&#8220;{}&#8220;][et_pb_text _builder_version=&#8220;4.16&#8243; _module_preset=&#8220;default&#8220; global_colors_info=&#8220;{}&#8220;]<\/p>\n<h2>Unsere Aufgabe<\/h2>\n<p>Bei Northern Holistic ist unser Hauptziel Ihr Wohlbefinden und die Verbesserung der Bedingungen, die Ihr t\u00e4gliches Leben einschr\u00e4nken. Die Behandlungen sind darauf ausgerichtet, Stress und Schmerzen zu reduzieren und die nat\u00fcrliche Regeneration der K\u00f6rperfunktionen zu st\u00e4rken und zu f\u00f6rdern. Wir sind hier, Wir sind hier, um Ihnen zu helfen und zu f\u00fchren.<\/p>\n<p>Im hektischen und schnelllebigen digitalen Zeitalter k\u00f6nnen Komplikationen aufgrund eines stressigen Tagesablaufs und zunehmend abenteuerlicher Freizeitaktivit\u00e4ten rasch auftreten. Es kommt zu Beschwerden, Schmerzen und Verletzungen, die den vollen Genuss des Lebens beeintr\u00e4chtigen k\u00f6nnen. Oft m\u00fcssen wir einen Schritt zur\u00fccktreten und dar\u00fcber nachdenken, was die unangenehmen Symptome ausl\u00f6st. Diese Ursache ist jedoch nicht immer offensichtlich und leicht zu erkennen, so dass eine umfassendere Analyse und Behandlung erforderlich ist, um die Beschwerden zu therapieren.<\/p>\n<p>Bei Northern Holistic kl\u00e4ren und ermitteln wir zuerst, was hinter Ihren Beschwerden steckt. Denn schlie\u00dflich geht es bei den angebotenen Therapien um Sie und Ihr Wohlbefinden. In diesem Sinne wird vor jeder Therapie eine kurze Lifestyle-, Gesundheits- und Bed\u00fcrfnisanalyse durchgef\u00fchrt In Absprache mit Ihrem Therapeuten unterst\u00fctzen und erg\u00e4nzen die Befunde die empfohlenen Behandlungen, um den Patienten dabei zu helfen, die Verantwortung f\u00fcr ihr eigenes Wohlbefinden zu \u00fcbernehmen und schnell und ganzheitlich optimale Resultate f\u00fcr ihre Gesundheit zu erzielen. Die angebotenen Behandlungen und Massagetherapien sind so konzipiert, dass sie dieses Ziel sicher und effektiv verwirklichen.<\/p>\n<p>[\/et_pb_text][et_pb_text _builder_version=&#8220;4.16&#8243; _module_preset=&#8220;default&#8220; global_colors_info=&#8220;{}&#8220;]<\/p>\n<h2>Unser Team<\/h2>\n<p>[\/et_pb_text][\/et_pb_column][et_pb_column type=&#8220;1_2&#8243; _builder_version=&#8220;4.16&#8243; _module_preset=&#8220;default&#8220; global_colors_info=&#8220;{}&#8220;][et_pb_slider module_class=&#8220;full-image-slider&#8220; _builder_version=&#8220;4.16&#8243; _module_preset=&#8220;default&#8220; global_colors_info=&#8220;{}&#8220;][et_pb_slide image=&#8220;https:\/\/northernholistic.de\/wp-content\/uploads\/2022\/04\/IMG_20220415_104540_688.jpg&#8220; _builder_version=&#8220;4.16&#8243; _module_preset=&#8220;default&#8220; global_colors_info=&#8220;{}&#8220; sticky_transition=&#8220;on&#8220;][\/et_pb_slide][et_pb_slide image=&#8220;https:\/\/northernholistic.de\/wp-content\/uploads\/2022\/04\/IMG_20220415_104535_760.jpg&#8220; _builder_version=&#8220;4.16&#8243; _module_preset=&#8220;default&#8220; global_colors_info=&#8220;{}&#8220; sticky_transition=&#8220;on&#8220;][\/et_pb_slide][et_pb_slide image=&#8220;https:\/\/northernholistic.de\/wp-content\/uploads\/2021\/05\/Northern-Holistic-Berlin-1.jpg&#8220; _builder_version=&#8220;4.16&#8243; _module_preset=&#8220;default&#8220; global_colors_info=&#8220;{}&#8220; sticky_transition=&#8220;on&#8220;][\/et_pb_slide][\/et_pb_slider][\/et_pb_column][\/et_pb_row][et_pb_row column_structure=&#8220;1_2,1_2&#8243; _builder_version=&#8220;4.17.4&#8243; _module_preset=&#8220;default&#8220; global_colors_info=&#8220;{}&#8220;][et_pb_column type=&#8220;1_2&#8243; _builder_version=&#8220;4.16&#8243; _module_preset=&#8220;default&#8220; global_colors_info=&#8220;{}&#8220;][et_pb_text _builder_version=&#8220;4.16&#8243; _module_preset=&#8220;default&#8220; global_colors_info=&#8220;{}&#8220;]<\/p>\n<h2 style=\"text-align: center;\">Gavin<\/h2>\n<p>[\/et_pb_text][et_pb_image src=&#8220;https:\/\/northernholistic.de\/wp-content\/uploads\/2022\/04\/Gavin_NorthernHolistic-scaled-e1677775673987.jpg&#8220; alt=&#8220;Gavin bei Northern Holistic Berlin&#8220; title_text=&#8220;Gavin_NorthernHolistic&#8220; _builder_version=&#8220;4.16&#8243; _module_preset=&#8220;default&#8220; global_colors_info=&#8220;{}&#8220;][\/et_pb_image][et_pb_text _builder_version=&#8220;4.16&#8243; _module_preset=&#8220;default&#8220; global_colors_info=&#8220;{}&#8220;]<\/p>\n<p>Gavin stammt aus Gro\u00dfbritannien und besitzt \u00fcber 8 Jahre Massageerfahrung. Er ist ITEC-geschult und spricht nur Englisch.<\/p>\n<p>[\/et_pb_text][\/et_pb_column][et_pb_column type=&#8220;1_2&#8243; _builder_version=&#8220;4.16&#8243; _module_preset=&#8220;default&#8220; global_colors_info=&#8220;{}&#8220;][et_pb_text _builder_version=&#8220;4.27.4&#8243; _module_preset=&#8220;default&#8220; hover_enabled=&#8220;0&#8243; global_colors_info=&#8220;{}&#8220; sticky_enabled=&#8220;0&#8243;]<\/p>\n<h2 style=\"text-align: center;\">Maria<\/h2>\n<p>[\/et_pb_text][et_pb_image src=&#8220;https:\/\/northernholistic.de\/wp-content\/uploads\/2025\/05\/Maria_northern_holistic.jpg&#8220; alt=&#8220;Maria Northern Holistic&#8220; title_text=&#8220;Maria_northern_holistic&#8220; _builder_version=&#8220;4.27.4&#8243; _module_preset=&#8220;default&#8220; hover_enabled=&#8220;0&#8243; global_colors_info=&#8220;{}&#8220; sticky_enabled=&#8220;0&#8243;][\/et_pb_image][et_pb_text _builder_version=&#8220;4.27.4&#8243; _module_preset=&#8220;default&#8220; hover_enabled=&#8220;0&#8243; global_colors_info=&#8220;{}&#8220; sticky_enabled=&#8220;0&#8243;]<\/p>\n<p>Maria stammt urspr\u00fcnglich aus Litauen, hat hier in Berlin eine Ausbildung absolviert und verf\u00fcgt \u00fcber ein Jahr Erfahrung im Massagebereich. Maria spricht flie\u00dfend Deutsch, Englisch und Russisch. <\/p>\n<p>[\/et_pb_text][\/et_pb_column][\/et_pb_row][et_pb_row column_structure=&#8220;1_2,1_2&#8243; _builder_version=&#8220;4.27.0&#8243; _module_preset=&#8220;default&#8220; global_colors_info=&#8220;{}&#8220;][et_pb_column type=&#8220;1_2&#8243; _builder_version=&#8220;4.18.0&#8243; _module_preset=&#8220;default&#8220; global_colors_info=&#8220;{}&#8220;][et_pb_text _builder_version=&#8220;4.27.0&#8243; _module_preset=&#8220;default&#8220; global_colors_info=&#8220;{}&#8220;]<\/p>\n<h2 style=\"text-align: center;\">Page (ehemals Adriana)<\/h2>\n<p>[\/et_pb_text][et_pb_image src=&#8220;https:\/\/northernholistic.de\/wp-content\/uploads\/2023\/09\/Adriana-Northern-Holistic.jpg&#8220; alt=&#8220;Natalie Northern Holistic&#8220; title_text=&#8220;Adriana Northern Holistic&#8220; _builder_version=&#8220;4.23.1&#8243; _module_preset=&#8220;default&#8220; global_colors_info=&#8220;{}&#8220;][\/et_pb_image][et_pb_text _builder_version=&#8220;4.21.0&#8243; _module_preset=&#8220;default&#8220; global_colors_info=&#8220;{}&#8220;]<\/p>\n<p><span><span class=\"ui-provider ec azq azr azs azt azu azv azw azx azy azz baa bab bac bae baf bag bah bai baj bak bal bam ban bao bap baq bar bas bat bau bav baw bax bay\" dir=\"ltr\">Adriana hat ihr Zertifikat als Massagetherapeutin vor mehr als 10 Jahren erhalten. Neben der klassischen (schwedischen) Massage praktiziert sie auch Tiefengewebs- und Entspannungsmassagen und verl\u00e4sst sich sehr auf ihre Intuition und Erfahrung, um die Bereiche zu finden, in denen die meisten Spannungen bestehen. Adriana spricht Englisch, Deutsch, Rum\u00e4nisch und Japanisch.<\/span><\/span><\/p>\n<p>[\/et_pb_text][\/et_pb_column][et_pb_column type=&#8220;1_2&#8243; _builder_version=&#8220;4.18.0&#8243; _module_preset=&#8220;default&#8220; global_colors_info=&#8220;{}&#8220;][et_pb_text _builder_version=&#8220;4.18.0&#8243; _module_preset=&#8220;default&#8220; global_colors_info=&#8220;{}&#8220;]<\/p>\n<h2 style=\"text-align: center;\">Lima<\/h2>\n<p>[\/et_pb_text][et_pb_image src=&#8220;https:\/\/northernholistic.de\/wp-content\/uploads\/2022\/09\/Lima_Northern_holistic.jpg&#8220; alt=&#8220;Lima Northern Holistic&#8220; title_text=&#8220;Lima_Northern_holistic&#8220; _builder_version=&#8220;4.18.0&#8243; _module_preset=&#8220;default&#8220; global_colors_info=&#8220;{}&#8220;][\/et_pb_image][et_pb_text _builder_version=&#8220;4.18.0&#8243; _module_preset=&#8220;default&#8220; global_colors_info=&#8220;{}&#8220;]<\/p>\n<p>Lima kommt urspr\u00fcnglich aus Teheran und hat hier in Berlin Kunst, Pantarei und Quantenenergieheilung studiert. <span>Sie hat sieben Jahre Erfahrung darin, den kreativen Fluss des Lebens mit der Weisheit des K\u00f6rpers zu verbinden <\/span>Lima spricht Deutsch, Englisch und Farsi.<\/p>\n<p>[\/et_pb_text][\/et_pb_column][\/et_pb_row][et_pb_row column_structure=&#8220;1_2,1_2&#8243; _builder_version=&#8220;4.17.4&#8243; _module_preset=&#8220;default&#8220; global_colors_info=&#8220;{}&#8220;][et_pb_column type=&#8220;1_2&#8243; _builder_version=&#8220;4.16&#8243; _module_preset=&#8220;default&#8220; global_colors_info=&#8220;{}&#8220;][et_pb_text _builder_version=&#8220;4.27.4&#8243; _module_preset=&#8220;default&#8220; hover_enabled=&#8220;0&#8243; global_colors_info=&#8220;{}&#8220; sticky_enabled=&#8220;0&#8243;]<\/p>\n<h2 style=\"text-align: center;\">James (ehemals Husam)<\/h2>\n<p>[\/et_pb_text][et_pb_image src=&#8220;https:\/\/northernholistic.de\/wp-content\/uploads\/2025\/05\/James_northern_holistic.jpg&#8220; alt=&#8220;James_northern_holistic&#8220; title_text=&#8220;James_northern_holistic&#8220; _builder_version=&#8220;4.27.4&#8243; _module_preset=&#8220;default&#8220; hover_enabled=&#8220;0&#8243; global_colors_info=&#8220;{}&#8220; sticky_enabled=&#8220;0&#8243;][\/et_pb_image][et_pb_text _builder_version=&#8220;4.27.4&#8243; _module_preset=&#8220;default&#8220; hover_enabled=&#8220;0&#8243; global_colors_info=&#8220;{}&#8220; sticky_enabled=&#8220;0&#8243;]<\/p>\n<p>Urspr\u00fcnglich aus dem Irak stammend, lebt James seit 10 Jahren in Deutschland. Er ist ausgebildeter Massagetherapeut mit 11 Jahren K\u00f6rpererfahrung und pers\u00f6nlicher Fitnesstrainer. James spricht Deutsch, Englisch und Arabisch. <\/p>\n<p>[\/et_pb_text][\/et_pb_column][et_pb_column type=&#8220;1_2&#8243; _builder_version=&#8220;4.16&#8243; _module_preset=&#8220;default&#8220; global_colors_info=&#8220;{}&#8220;][et_pb_text _builder_version=&#8220;4.27.0&#8243; _module_preset=&#8220;default&#8220; global_colors_info=&#8220;{}&#8220;]<\/p>\n<h2 style=\"text-align: center;\">Clemens<\/h2>\n<p>[\/et_pb_text][et_pb_image src=&#8220;https:\/\/northernholistic.de\/wp-content\/uploads\/2024\/11\/Clemens_northern_holistic.jpg&#8220; alt=&#8220;Clemens_northern_holistic&#8220; title_text=&#8220;Clemens_northern_holistic&#8220; _builder_version=&#8220;4.27.0&#8243; _module_preset=&#8220;default&#8220; global_colors_info=&#8220;{}&#8220;][\/et_pb_image][et_pb_text _builder_version=&#8220;4.27.0&#8243; _module_preset=&#8220;default&#8220; global_colors_info=&#8220;{}&#8220;]<\/p>\n<p>Clemens kommt aus Berlin. Er hat vor 23 Jahren in Bangkok Massage studiert. Neben der Thai-Massage ist er auch auf Deep Tissue und Sportmassage spezialisiert.  <\/p>\n<p>[\/et_pb_text][\/et_pb_column][\/et_pb_row][\/et_pb_section]<\/p>\n","protected":false},"excerpt":{"rendered":"<p>\u00dcber Northern HolisticUnsere Aufgabe Bei Northern Holistic ist unser Hauptziel Ihr Wohlbefinden und die Verbesserung der Bedingungen, die Ihr t\u00e4gliches Leben einschr\u00e4nken. Die Behandlungen sind darauf ausgerichtet, Stress und Schmerzen zu reduzieren und die nat\u00fcrliche Regeneration der K\u00f6rperfunktionen zu st\u00e4rken und zu f\u00f6rdern. Wir sind hier, Wir sind hier, um Ihnen zu helfen und zu [&hellip;]<\/p>\n","protected":false},"author":1,"featured_media":0,"parent":0,"menu_order":0,"comment_status":"closed","ping_status":"closed","template":"","meta":{"_et_pb_use_builder":"on","_et_pb_old_content":"","_et_gb_content_width":"","footnotes":""},"class_list":["post-337","page","type-page","status-publish","hentry"],"yoast_head":"<!-- This site is optimized with the Yoast SEO plugin v27.3 - https:\/\/yoast.com\/product\/yoast-seo-wordpress\/ -->\n<title>\u00dcber uns - Northern Holistic<\/title>\n<meta name=\"robots\" content=\"noindex, follow, max-snippet:-1, max-image-preview:large, max-video-preview:-1\" \/>\n<meta property=\"og:locale\" content=\"de_DE\" \/>\n<meta property=\"og:type\" content=\"article\" \/>\n<meta property=\"og:title\" content=\"\u00dcber uns - Northern Holistic\" \/>\n<meta property=\"og:description\" content=\"\u00dcber Northern HolisticUnsere Aufgabe Bei Northern Holistic ist unser Hauptziel Ihr Wohlbefinden und die Verbesserung der Bedingungen, die Ihr t\u00e4gliches Leben einschr\u00e4nken. Die Behandlungen sind darauf ausgerichtet, Stress und Schmerzen zu reduzieren und die nat\u00fcrliche Regeneration der K\u00f6rperfunktionen zu st\u00e4rken und zu f\u00f6rdern. Wir sind hier, Wir sind hier, um Ihnen zu helfen und zu [&hellip;]\" \/>\n<meta property=\"og:url\" content=\"https:\/\/test2.northernholistic.de\/de\/ueber-uns\/\" \/>\n<meta property=\"og:site_name\" content=\"Northern Holistic\" \/>\n<meta property=\"article:publisher\" content=\"https:\/\/www.facebook.com\/NorthernHolistic\" \/>\n<meta property=\"article:modified_time\" content=\"2025-05-13T08:03:54+00:00\" \/>\n<meta name=\"twitter:card\" content=\"summary_large_image\" \/>\n<meta name=\"twitter:label1\" content=\"Gesch\u00e4tzte Lesezeit\" \/>\n\t<meta name=\"twitter:data1\" content=\"6\u00a0Minuten\" \/>\n<script type=\"application\/ld+json\" class=\"yoast-schema-graph\">{\"@context\":\"https:\\\/\\\/schema.org\",\"@graph\":[{\"@type\":\"WebPage\",\"@id\":\"https:\\\/\\\/test2.northernholistic.de\\\/de\\\/ueber-uns\\\/\",\"url\":\"https:\\\/\\\/test2.northernholistic.de\\\/de\\\/ueber-uns\\\/\",\"name\":\"\u00dcber uns - Northern Holistic\",\"isPartOf\":{\"@id\":\"https:\\\/\\\/test2.northernholistic.de\\\/de\\\/#website\"},\"datePublished\":\"2021-09-10T13:15:26+00:00\",\"dateModified\":\"2025-05-13T08:03:54+00:00\",\"breadcrumb\":{\"@id\":\"https:\\\/\\\/test2.northernholistic.de\\\/de\\\/ueber-uns\\\/#breadcrumb\"},\"inLanguage\":\"de\",\"potentialAction\":[{\"@type\":\"ReadAction\",\"target\":[\"https:\\\/\\\/test2.northernholistic.de\\\/de\\\/ueber-uns\\\/\"]}]},{\"@type\":\"BreadcrumbList\",\"@id\":\"https:\\\/\\\/test2.northernholistic.de\\\/de\\\/ueber-uns\\\/#breadcrumb\",\"itemListElement\":[{\"@type\":\"ListItem\",\"position\":1,\"name\":\"Home\",\"item\":\"https:\\\/\\\/test2.northernholistic.de\\\/de\\\/\"},{\"@type\":\"ListItem\",\"position\":2,\"name\":\"\u00dcber uns\"}]},{\"@type\":\"WebSite\",\"@id\":\"https:\\\/\\\/test2.northernholistic.de\\\/de\\\/#website\",\"url\":\"https:\\\/\\\/test2.northernholistic.de\\\/de\\\/\",\"name\":\"Northern Holistic\",\"description\":\"A centre dedicated to Holistic Therapies\",\"publisher\":{\"@id\":\"https:\\\/\\\/test2.northernholistic.de\\\/de\\\/#organization\"},\"potentialAction\":[{\"@type\":\"SearchAction\",\"target\":{\"@type\":\"EntryPoint\",\"urlTemplate\":\"https:\\\/\\\/test2.northernholistic.de\\\/de\\\/?s={search_term_string}\"},\"query-input\":{\"@type\":\"PropertyValueSpecification\",\"valueRequired\":true,\"valueName\":\"search_term_string\"}}],\"inLanguage\":\"de\"},{\"@type\":\"Organization\",\"@id\":\"https:\\\/\\\/test2.northernholistic.de\\\/de\\\/#organization\",\"name\":\"Northern Holistic\",\"url\":\"https:\\\/\\\/test2.northernholistic.de\\\/de\\\/\",\"logo\":{\"@type\":\"ImageObject\",\"inLanguage\":\"de\",\"@id\":\"https:\\\/\\\/test2.northernholistic.de\\\/de\\\/#\\\/schema\\\/logo\\\/image\\\/\",\"url\":\"https:\\\/\\\/northernholistic.de\\\/wp-content\\\/uploads\\\/2021\\\/05\\\/Noho-New-Transparent.png\",\"contentUrl\":\"https:\\\/\\\/northernholistic.de\\\/wp-content\\\/uploads\\\/2021\\\/05\\\/Noho-New-Transparent.png\",\"width\":608,\"height\":314,\"caption\":\"Northern Holistic\"},\"image\":{\"@id\":\"https:\\\/\\\/test2.northernholistic.de\\\/de\\\/#\\\/schema\\\/logo\\\/image\\\/\"},\"sameAs\":[\"https:\\\/\\\/www.facebook.com\\\/NorthernHolistic\"]}]}<\/script>\n<!-- \/ Yoast SEO plugin. -->","yoast_head_json":{"title":"\u00dcber uns - Northern Holistic","robots":{"index":"noindex","follow":"follow","max-snippet":"max-snippet:-1","max-image-preview":"max-image-preview:large","max-video-preview":"max-video-preview:-1"},"og_locale":"de_DE","og_type":"article","og_title":"\u00dcber uns - Northern Holistic","og_description":"\u00dcber Northern HolisticUnsere Aufgabe Bei Northern Holistic ist unser Hauptziel Ihr Wohlbefinden und die Verbesserung der Bedingungen, die Ihr t\u00e4gliches Leben einschr\u00e4nken. Die Behandlungen sind darauf ausgerichtet, Stress und Schmerzen zu reduzieren und die nat\u00fcrliche Regeneration der K\u00f6rperfunktionen zu st\u00e4rken und zu f\u00f6rdern. Wir sind hier, Wir sind hier, um Ihnen zu helfen und zu [&hellip;]","og_url":"https:\/\/test2.northernholistic.de\/de\/ueber-uns\/","og_site_name":"Northern Holistic","article_publisher":"https:\/\/www.facebook.com\/NorthernHolistic","article_modified_time":"2025-05-13T08:03:54+00:00","twitter_card":"summary_large_image","twitter_misc":{"Gesch\u00e4tzte Lesezeit":"6\u00a0Minuten"},"schema":{"@context":"https:\/\/schema.org","@graph":[{"@type":"WebPage","@id":"https:\/\/test2.northernholistic.de\/de\/ueber-uns\/","url":"https:\/\/test2.northernholistic.de\/de\/ueber-uns\/","name":"\u00dcber uns - Northern Holistic","isPartOf":{"@id":"https:\/\/test2.northernholistic.de\/de\/#website"},"datePublished":"2021-09-10T13:15:26+00:00","dateModified":"2025-05-13T08:03:54+00:00","breadcrumb":{"@id":"https:\/\/test2.northernholistic.de\/de\/ueber-uns\/#breadcrumb"},"inLanguage":"de","potentialAction":[{"@type":"ReadAction","target":["https:\/\/test2.northernholistic.de\/de\/ueber-uns\/"]}]},{"@type":"BreadcrumbList","@id":"https:\/\/test2.northernholistic.de\/de\/ueber-uns\/#breadcrumb","itemListElement":[{"@type":"ListItem","position":1,"name":"Home","item":"https:\/\/test2.northernholistic.de\/de\/"},{"@type":"ListItem","position":2,"name":"\u00dcber uns"}]},{"@type":"WebSite","@id":"https:\/\/test2.northernholistic.de\/de\/#website","url":"https:\/\/test2.northernholistic.de\/de\/","name":"Northern Holistic","description":"A centre dedicated to Holistic Therapies","publisher":{"@id":"https:\/\/test2.northernholistic.de\/de\/#organization"},"potentialAction":[{"@type":"SearchAction","target":{"@type":"EntryPoint","urlTemplate":"https:\/\/test2.northernholistic.de\/de\/?s={search_term_string}"},"query-input":{"@type":"PropertyValueSpecification","valueRequired":true,"valueName":"search_term_string"}}],"inLanguage":"de"},{"@type":"Organization","@id":"https:\/\/test2.northernholistic.de\/de\/#organization","name":"Northern Holistic","url":"https:\/\/test2.northernholistic.de\/de\/","logo":{"@type":"ImageObject","inLanguage":"de","@id":"https:\/\/test2.northernholistic.de\/de\/#\/schema\/logo\/image\/","url":"https:\/\/northernholistic.de\/wp-content\/uploads\/2021\/05\/Noho-New-Transparent.png","contentUrl":"https:\/\/northernholistic.de\/wp-content\/uploads\/2021\/05\/Noho-New-Transparent.png","width":608,"height":314,"caption":"Northern Holistic"},"image":{"@id":"https:\/\/test2.northernholistic.de\/de\/#\/schema\/logo\/image\/"},"sameAs":["https:\/\/www.facebook.com\/NorthernHolistic"]}]}},"_links":{"self":[{"href":"https:\/\/test2.northernholistic.de\/de\/wp-json\/wp\/v2\/pages\/337","targetHints":{"allow":["GET"]}}],"collection":[{"href":"https:\/\/test2.northernholistic.de\/de\/wp-json\/wp\/v2\/pages"}],"about":[{"href":"https:\/\/test2.northernholistic.de\/de\/wp-json\/wp\/v2\/types\/page"}],"author":[{"embeddable":true,"href":"https:\/\/test2.northernholistic.de\/de\/wp-json\/wp\/v2\/users\/1"}],"replies":[{"embeddable":true,"href":"https:\/\/test2.northernholistic.de\/de\/wp-json\/wp\/v2\/comments?post=337"}],"version-history":[{"count":77,"href":"https:\/\/test2.northernholistic.de\/de\/wp-json\/wp\/v2\/pages\/337\/revisions"}],"predecessor-version":[{"id":2513,"href":"https:\/\/test2.northernholistic.de\/de\/wp-json\/wp\/v2\/pages\/337\/revisions\/2513"}],"wp:attachment":[{"href":"https:\/\/test2.northernholistic.de\/de\/wp-json\/wp\/v2\/media?parent=337"}],"curies":[{"name":"wp","href":"https:\/\/api.w.org\/{rel}","templated":true}]}}