{"id":376,"date":"2021-09-10T15:24:21","date_gmt":"2021-09-10T13:24:21","guid":{"rendered":"https:\/\/northernholistic.de\/lomi-lomi-massage\/"},"modified":"2023-05-15T12:14:42","modified_gmt":"2023-05-15T10:14:42","slug":"lomi-lomi-massage","status":"publish","type":"page","link":"https:\/\/test2.northernholistic.de\/de\/lomi-lomi-massage\/","title":{"rendered":"Lomi-Lomi-Massage"},"content":{"rendered":"<p>[et_pb_section fb_built=&#8220;1&#8243; _builder_version=&#8220;4.16&#8243; _module_preset=&#8220;default&#8220; global_colors_info=&#8220;{}&#8220;][et_pb_row column_structure=&#8220;1_2,1_2&#8243; _builder_version=&#8220;4.16&#8243; _module_preset=&#8220;default&#8220; custom_padding=&#8220;27px|||||&#8220; global_colors_info=&#8220;{}&#8220;][et_pb_column type=&#8220;1_2&#8243; _builder_version=&#8220;4.16&#8243; _module_preset=&#8220;default&#8220; global_colors_info=&#8220;{}&#8220;][et_pb_divider show_divider=&#8220;off&#8220; disabled_on=&#8220;on|on|off&#8220; _builder_version=&#8220;4.16&#8243; _module_preset=&#8220;default&#8220; min_height=&#8220;100px&#8220; global_colors_info=&#8220;{}&#8220;][\/et_pb_divider][et_pb_text _builder_version=&#8220;4.21.0&#8243; _module_preset=&#8220;default&#8220; hover_enabled=&#8220;0&#8243; global_colors_info=&#8220;{}&#8220; sticky_enabled=&#8220;0&#8243;]<\/p>\n<h1>Lomi Lomi Massage Berlin<\/h1>\n<p>Suchen Sie eine Lomi Lomi Massage in Ihrer N\u00e4he?<\/p>\n<p>[\/et_pb_text][\/et_pb_column][et_pb_column type=&#8220;1_2&#8243; _builder_version=&#8220;4.16&#8243; _module_preset=&#8220;default&#8220; global_colors_info=&#8220;{}&#8220;][et_pb_image src=&#8220;https:\/\/northernholistic.de\/wp-content\/uploads\/2021\/09\/Northern-Holistic-Berlin-Lomi-Lomi-Massage-scaled.jpg&#8220; alt=&#8220;Lomi Lomi Massage bei Northern Holistic in Berlin&#8220; title_text=&#8220;Lomi Lomi Massage bei Northern Holistic in Berlin&#8220; _builder_version=&#8220;4.16&#8243; _module_preset=&#8220;default&#8220; global_colors_info=&#8220;{}&#8220;][\/et_pb_image][\/et_pb_column][\/et_pb_row][et_pb_row _builder_version=&#8220;4.16&#8243; _module_preset=&#8220;default&#8220; global_colors_info=&#8220;{}&#8220;][et_pb_column type=&#8220;4_4&#8243; _builder_version=&#8220;4.16&#8243; _module_preset=&#8220;default&#8220; global_colors_info=&#8220;{}&#8220;][et_pb_text _builder_version=&#8220;4.16&#8243; _module_preset=&#8220;default&#8220; global_colors_info=&#8220;{}&#8220;]<\/p>\n<p><strong>Northern Holistic<\/strong> in Berlin-Sch\u00f6neberg ist auf <strong>Lomi Lomi Massagen<\/strong> spezialisiert. <span style=\"font-weight: 400;\">Lomi Lomi, auch bekannt als \u201eLoving Hands\u201c-Massage, ist eine traditionelle hawaiianische Massage. Das Wort \u201eLomi\u201c bedeutet kneten, reiben, beruhigen und hinein- und herausarbeiten. Lassen Sie uns einen genaueren Blick darauf werfen, was eine Lomi-Lomi-Massage ist und wie Sie davon profitieren k\u00f6nnen. <\/span><\/p>\n<p>Die <strong>Lomi Lomi Massage kostet<\/strong> <span>[simpleprice text=&#8220;79&#8243;]<\/span> f\u00fcr 30 Minuten, <span>[simpleprice text=&#8220;80&#8243;]<\/span> f\u00fcr 60 Minuten und <span>[simpleprice text=&#8220;81&#8243;]<\/span> f\u00fcr 90 Minuten. Buchen Sie jetzt Ihre Lomi Lomi Massage mit <strong>Northern Holistic:<\/strong><\/p>\n<p>[\/et_pb_text][et_pb_pricing_tables show_bullet=&#8220;off&#8220; _builder_version=&#8220;4.16&#8243; _module_preset=&#8220;default&#8220; custom_css_pricing_top=&#8220;display:none;&#8220; custom_css_price=&#8220;display:none;&#8220; global_colors_info=&#8220;{}&#8220;][et_pb_pricing_table title=&#8220;30 Minuten&#8220; currency=&#8220;\u20ac&#8220; sum=&#8220;%91simpleprice text=8%93&#8243; button_url=&#8220;#bookly-form&#8220; button_text=&#8220;Einen Termin verabreden&#8220; _builder_version=&#8220;4.16&#8243; _module_preset=&#8220;default&#8220; global_colors_info=&#8220;{}&#8220; sticky_transition=&#8220;on&#8220;]<\/p>\n<h2 style=\"text-align: center; font-size: 70px;\">[simpleprice text=&#8220;79&#8243;]<\/h2>\n<p>[\/et_pb_pricing_table][et_pb_pricing_table title=&#8220;60 Minuten&#8220; currency=&#8220;\u20ac&#8220; sum=&#8220;%91simpleprice text=8%93&#8243; button_url=&#8220;#bookly-form&#8220; button_text=&#8220;Einen Termin verabreden&#8220; _builder_version=&#8220;4.16&#8243; _module_preset=&#8220;default&#8220; global_colors_info=&#8220;{}&#8220; sticky_transition=&#8220;on&#8220;]<\/p>\n<h2 style=\"text-align: center; font-size: 70px;\">[simpleprice text=&#8220;80&#8243;]<\/h2>\n<p>[\/et_pb_pricing_table][et_pb_pricing_table title=&#8220;90 Minuten&#8220; currency=&#8220;\u20ac&#8220; sum=&#8220;%91simpleprice text=8%93&#8243; button_url=&#8220;#bookly-form&#8220; button_text=&#8220;Einen Termin verabreden&#8220; _builder_version=&#8220;4.16&#8243; _module_preset=&#8220;default&#8220; global_colors_info=&#8220;{}&#8220; sticky_transition=&#8220;on&#8220;]<\/p>\n<h2 style=\"text-align: center; font-size: 70px;\">[simpleprice text=&#8220;81&#8243;]<\/h2>\n<p>[\/et_pb_pricing_table][\/et_pb_pricing_tables][\/et_pb_column][\/et_pb_row][et_pb_row _builder_version=&#8220;4.16&#8243; _module_preset=&#8220;default&#8220; global_colors_info=&#8220;{}&#8220;][et_pb_column type=&#8220;4_4&#8243; _builder_version=&#8220;4.16&#8243; _module_preset=&#8220;default&#8220; global_colors_info=&#8220;{}&#8220;][et_pb_text _builder_version=&#8220;4.16&#8243; _module_preset=&#8220;default&#8220; global_colors_info=&#8220;{}&#8220;]<\/p>\n<ol>\n<li><a href=\"#what-is-lomi-massage\">Was ist eine Lomi Lomi Massage?<\/a><\/li>\n<li><a href=\"#benefits-lomi-massage\">Was sind die Vorteile einer Lomi Lomi Massage?<\/a><\/li>\n<li><a href=\"#suitable-lomi-massage\">Ist die Lomi Lomi Massage f\u00fcr Sie geeignet?<\/a><\/li>\n<li><a href=\"#help-lomi-massage\">Wie wir Ihnen helfen k\u00f6nnen<\/a><\/li>\n<li><a href=\"#faq-lomi-massage\">FAQ &#8211; H\u00e4ufig gestellte Fragen<\/a><\/li>\n<\/ol>\n<p>[\/et_pb_text][et_pb_text module_id=&#8220;what-is-lomi-massage&#8220; _builder_version=&#8220;4.16&#8243; _module_preset=&#8220;default&#8220; global_colors_info=&#8220;{}&#8220;]<\/p>\n<h2>1. Was ist eine Lomi Lomi Massage?<\/h2>\n<p><span style=\"font-weight: 400;\">Lomi Lomi verwendet eine Kombination aus flie\u00dfenden Hand- und Armbewegungen, Vulkangestein, Gebet, Gesang und Tanz. Ihr prim\u00e4res Ziel ist die Wiederherstellung der Energie, sowie den K\u00f6rper zu beruhigen und weich werden zu lassen. W\u00e4hrend einer Lomi-Lomi-Massage wird der Therapeut eine Geist-K\u00f6rper-Verbindung herstellen, um Geist, K\u00f6rper, Emotionen und Seele zu behandeln. <\/span><\/p>\n<p><span style=\"font-weight: 400;\">Im Gegensatz zu anderen Massagen beinhaltet Lomi Lomi schwungvolle Ganzk\u00f6rperbewegungen. Sie liegen auch direkt auf der Massageliege und decken sich mit einem kleinen Handtuch, statt einem gro\u00dfen Laken oder mehreren Handt\u00fcchern zu.<\/span><\/p>\n<p><span style=\"font-weight: 400;\">Keine Lomi Lomi Massage gleicht der anderen, sodass Ihr Therapeut eine einzigartige Behandlung f\u00fcr Sie kreiert. W\u00e4hrend einige Teile der Sitzung langsame Bewegungen beinhalten, sind andere schneller. Die positive Wirkung Ihrer Massage h\u00e4lt noch lange an.<\/span><\/p>\n<p>[\/et_pb_text][et_pb_text module_id=&#8220;benefits-lomi-massage&#8220; _builder_version=&#8220;4.16&#8243; _module_preset=&#8220;default&#8220; custom_padding=&#8220;4px|||||&#8220; global_colors_info=&#8220;{}&#8220;]<\/p>\n<h2>2. Was sind die Vorteile einer Lomi-Lomi-Massage?<\/h2>\n<p><strong>Sie verbessert die Durchblutung<\/strong><\/p>\n<p><span style=\"font-weight: 400;\">Lomi Lomi bringt mehr Sauerstoff zu den Muskeln und Organen und regt so das Kreislaufsystem an. Dies kann nicht nur die Immunit\u00e4t st\u00e4rken, sondern auch die Gesundheit und das Aussehen Ihrer Haut verbessern. <\/span><\/p>\n<p><strong>Sie senkt den Blutdruck<\/strong><\/p>\n<p><span style=\"font-weight: 400;\">Da Lomi Lomi Ihre Herzfrequenz verlangsamen kann, senkt es Ihren Blutdruck und h\u00e4lt so Ihre Blutgef\u00e4\u00dfe, Arterien und Organe gesund. Ein niedriger Blutdruck kann das Risiko von Schlaganf\u00e4llen, Augensch\u00e4den und Nierenproblemen verringern. <\/span><\/p>\n<p><strong>Sie erh\u00f6ht die Flexibilit\u00e4t<\/strong><\/p>\n<p><span style=\"font-weight: 400;\">W\u00e4hrend Ihre Muskeln w\u00e4hrend des Lomi-Lomi-Erlebnisses arbeiten, verbessert sich gleichzeitig Ihre Flexibilit\u00e4t und Ihr Bewegungsumfang. Wenn Sie diese Behandlung regelm\u00e4\u00dfig erhalten, werden auch Ihre Gelenke geschmiert und die Flexibilit\u00e4t wird weiter erh\u00f6ht, w\u00e4hrend gleichzeitig Arthritis-Symptome reduziert werden. <\/span><\/p>\n<p><strong>Sie beschleunigt die Heilung<\/strong><\/p>\n<p><span style=\"font-weight: 400;\">Wenn Sie mit Kopfschmerzen und Migr\u00e4ne oder Schmerzen nach einer Operation zu k\u00e4mpfen haben, kann eine Lomi Lomi Massage eine schnellere Heilung und eine Reduzierung der Beschwerden erm\u00f6glichen. Sie kann auch helfen, negative Energie loszuwerden und Ihre allgemeine Gesundheit zu verbessern. <\/span><\/p>\n<p><strong>Sie verbessert den Schlaf<\/strong><\/p>\n<p><span style=\"font-weight: 400;\">Die Lomi Lomi Massage kann verspannte Muskeln und einen unruhigen Geist entspannen, was oft Ihre Schlafqualit\u00e4t beeintr\u00e4chtigt. Mehrere Behandlungen k\u00f6nnen also zu einem besseren Schlaf, sowie zu mehr Energie und Produktivit\u00e4t am Morgen f\u00fchren. <\/span><\/p>\n<p>[\/et_pb_text][et_pb_text module_id=&#8220;suitable-lomi-massage&#8220; _builder_version=&#8220;4.16&#8243; _module_preset=&#8220;default&#8220; global_colors_info=&#8220;{}&#8220;]<\/p>\n<h2>3. Ist die Lomi-Lomi-Massage f\u00fcr Sie geeignet?<\/h2>\n<p><span style=\"font-weight: 400;\">Die meisten Menschen k\u00f6nnen von einer Lomi-Lomi-Massage profitieren, da es sich um eine ganzheitliche Therapie handelt, die darauf abzielt, Justierung, inneren Frieden und Energiebewegung im K\u00f6rper zu erzeugen. Obwohl die Behandlung modifiziert werden kann, um potenzielle Risiken zu mindern, empfehlen wir Ihnen, Ihren Arzt zu konsultieren, bevor Sie eine Massage erhalten, insbesondere wenn Sie schwanger sind oder ernsthafte Erkrankungen haben. <\/span><\/p>\n<p>[\/et_pb_text][et_pb_text module_id=&#8220;help-lomi-massage&#8220; _builder_version=&#8220;4.16&#8243; _module_preset=&#8220;default&#8220; global_colors_info=&#8220;{}&#8220;]<\/p>\n<h2>4. Wie wir Ihnen helfen k\u00f6nnen<\/h2>\n<p><span style=\"font-weight: 400;\">Lomi Lomi hilft, Muskelkr\u00e4mpfe zu stoppen und Verspannungen zu l\u00f6sen. Lomi Lomi verbessert auch die Durchblutung und die Immunreaktion. Die kontinuierlichen, flie\u00dfenden Striche, die auf Ihren K\u00f6rper angewendet werden, beruhigen ihn und lindern Stress- und Angstgef\u00fchle. Lomi Lomi kann Ihnen nicht nur k\u00f6rperlich helfen, es kann auch Wunder f\u00fcr Ihren Geist bewirken. <\/span><\/p>\n<p>[\/et_pb_text][et_pb_text module_id=&#8220;faq-lomi-massage&#8220; _builder_version=&#8220;4.16&#8243; _module_preset=&#8220;default&#8220; global_colors_info=&#8220;{}&#8220;]<\/p>\n<h2>5. FAQ &#8211; H\u00e4ufig gestellte Fragen<\/h2>\n<p><strong>Was ist der Unterschied zwischen einer Lomi-Lomi-Massage und anderen Massagearten?<\/strong><\/p>\n<p><span style=\"font-weight: 400;\">Im Vergleich zu Tiefengewebe-, Thai- und anderen Massagen ist bei einer Lomi-Lomi-Massage Ihr K\u00f6rper unbedeckt. Der Masseur verwendet lange flie\u00dfende Bewegungen, anstatt sich auf einen K\u00f6rperteil zu konzentrieren. <\/span><\/p>\n<p><strong>Wie sollte ich mich auf eine Lomi-Lomi-Massage vorbereiten? <\/strong><\/p>\n<p><span style=\"font-weight: 400;\">Am besten vermeiden Sie vorher eine schwere Mahlzeit. Versuchen Sie auch, eine Lomi Lomi Massage am Ende des Tages, am Wochenende oder wenn Sie nicht viel zu tun haben, einzuplanen. Ihre Haare und Ihr Make-up werden nicht lange in Ordnung bleiben und Sie werden sich am liebsten danach entspannen wollen, anstatt zu Ihren allt\u00e4glichen Verpflichtungen zur\u00fcckzukehren. <\/span><\/p>\n<p><strong>Was ist die Geschichte einer Lomi Lomi Massage?<\/strong><\/p>\n<p><span style=\"font-weight: 400;\">Lomi Lomi ist als traditionelle hawaiianische Massage bekannt und wird von den alten Polynesiern und urspr\u00fcnglich hawaiianischen Familien weitergegeben. Es verbindet Massage mit der Kraft der Spiritualit\u00e4t. <\/span><\/p>\n<p><strong>Werde ich w\u00e4hrend einer Lomi Lomi Massage angezogen bleiben?<\/strong><\/p>\n<p><span style=\"font-weight: 400;\">Da sich Lomi Lomi auf den gesamten K\u00f6rper konzentriert und mehrere Bereiche gleichzeitig bearbeitet, liegen Sie direkt auf einem Tisch mit einer kleinen Abdeckung. Dies kann es dem Therapeuten erleichtern, die Ganzk\u00f6rperbewegungen auszuf\u00fchren, ohne den Fluss zu unterbrechen. <\/span><\/p>\n<p><strong>Wie lange dauert eine Lomi Lomi Massage?<\/strong><\/p>\n<p><span style=\"font-weight: 400;\">Lomi Lomi Massagen dauern etwas l\u00e4nger als andere Massagen. Die meisten dauern etwa 90 Minuten, also planen Sie eine Massage dann ein, wenn Sie gen\u00fcgend Zeit haben.<\/span><\/p>\n<p>[\/et_pb_text][\/et_pb_column][\/et_pb_row][et_pb_row _builder_version=&#8220;4.16&#8243; _module_preset=&#8220;default&#8220; global_colors_info=&#8220;{}&#8220;][et_pb_column type=&#8220;4_4&#8243; _builder_version=&#8220;4.16&#8243; _module_preset=&#8220;default&#8220; global_colors_info=&#8220;{}&#8220;][et_pb_text _builder_version=&#8220;4.16&#8243; _module_preset=&#8220;default&#8220; global_colors_info=&#8220;{}&#8220;]<\/p>\n<h2>Buchen Sie jetzt Ihre Lomi Lomi Massage bei Northern Holistic Berlin<\/h2>\n<p>[\/et_pb_text][et_pb_code module_id=&#8220;bookly-form&#8220; _builder_version=&#8220;4.16&#8243; _module_preset=&#8220;default&#8220; global_colors_info=&#8220;{}&#8220;]<!--\nPlugin Name: Bookly - Responsive WordPress Appointment Booking and Scheduling Plugin\nPlugin URI: https:\/\/www.booking-wp-plugin.com\/?utm_source=bookly_admin&utm_medium=plugins_page&utm_campaign=plugins_page\nVersion: 26.7-->\n<style type=\"text\/css\">\n    :root {\n        --bookly-main-color: #7cc68d !important;\n        --bookly-color: #7cc68d !important;\n    }\n\n        \/* 1) Hide the Category column completely *\/\n.bookly-form .bookly-row .bookly-column:has(select[name=\"category_id\"]),\n.bookly-form label:has(+ select[name=\"category_id\"]),\n.bookly-form select[name=\"category_id\"] { display: none !important; }\n\n\/* 2) Put Employee before Service (requires Chrome\/Safari\/Edge that support :has) *\/\n.bookly-form .bookly-row { display: flex; flex-wrap: wrap; gap: 12px; }\n.bookly-form .bookly-row .bookly-column { order: 2; } \/* default *\/\n.bookly-form .bookly-row .bookly-column:has(select[name=\"staff_id\"]) { order: 1; }\n.bookly-form .bookly-row .bookly-column:has(select[name=\"service_id\"]) { order: 2; }\n\n\/* 3) Make the two remaining selects fill nicely *\/\n.bookly-form .bookly-row .bookly-column:has(select[name=\"staff_id\"]),\n.bookly-form .bookly-row .bookly-column:has(select[name=\"service_id\"]) {\n  flex: 1 1 320px;\n}    <\/style><div class=\"bookly-css-root\">\n    <div id=\"bookly-form-69d292a661abc\" class=\"bookly-form\" data-form_id=\"69d292a661abc\" aria-live=\"polite\">\n        <div style=\"text-align: center\"><img decoding=\"async\" data-src=\"https:\/\/test2.northernholistic.de\/wp-includes\/js\/tinymce\/skins\/lightgray\/img\/loader.gif\" alt=\"Wird geladen ...\" src=\"data:image\/svg+xml;base64,PHN2ZyB3aWR0aD0iMSIgaGVpZ2h0PSIxIiB4bWxucz0iaHR0cDovL3d3dy53My5vcmcvMjAwMC9zdmciPjwvc3ZnPg==\" class=\"lazyload\" \/><\/div>\n    <\/div>\n<\/div>\n<script type=\"text\/javascript\">\n    (function (win, fn) {\n        var done = false, top = true,\n            doc = win.document,\n            root = doc.documentElement,\n            modern = doc.addEventListener,\n            add = modern ? 'addEventListener' : 'attachEvent',\n            rem = modern ? 'removeEventListener' : 'detachEvent',\n            pre = modern ? '' : 'on',\n            init = function (e) {\n                if (e.type == 'readystatechange') if (doc.readyState != 'complete') return;\n                (e.type == 'load' ? win : doc)[rem](pre + e.type, init, false);\n                if (!done) {\n                    done = true;\n                    fn.call(win, e.type || e);\n                }\n            },\n            poll = function () {\n                try {\n                    root.doScroll('left');\n                } catch (e) {\n                    setTimeout(poll, 50);\n                    return;\n                }\n                init('poll');\n            };\n        if (doc.readyState == 'complete') fn.call(win, 'lazy');\n        else {\n            if (!modern) if (root.doScroll) {\n                try {\n                    top = !win.frameElement;\n                } catch (e) {\n                }\n                if (top) poll();\n            }\n            doc[add](pre + 'DOMContentLoaded', init, false);\n            doc[add](pre + 'readystatechange', init, false);\n            win[add](pre + 'load', init, false);\n        }\n    })(window, function () {\n        window.bookly( {\"form_id\":\"69d292a661abc\",\"status\":{\"booking\":\"new\"},\"skip_steps\":{\"service_part1\":0,\"service_part2\":0,\"extras\":1,\"time\":0,\"repeat\":1,\"cart\":1},\"errors\":{\"session_error\":\"Session-Fehler.\",\"form_id_error\":\"Formular-ID Fehler.\",\"cart_item_not_available\":\"Die gew\\u00e4hlte Zeit ist nicht mehr verf\\u00fcgbar. Bitte w\\u00e4hlen Sie ein anderes Zeitfenster.\",\"pay_locally_not_available\":\"Vor Ort zahlen ist nicht verf\\u00fcgbar.\",\"invalid_gateway\":\"Ung\\u00fcltiger Zugang.\",\"payment_error\":\"Fehler.\",\"incorrect_username_password\":\"Der Benutzername oder das Passwort ist falsch.\"},\"form_attributes\":{\"hide_categories\":false,\"hide_services\":false,\"hide_staff_members\":false,\"show_number_of_persons\":false,\"hide_service_duration\":true,\"hide_locations\":true,\"hide_quantity\":true,\"hide_date\":false,\"hide_week_days\":true,\"hide_time_range\":true},\"use_client_time_zone\":0,\"defaults\":{\"service_id\":0,\"staff_id\":0,\"location_id\":0,\"category_id\":12},\"datepicker_mode\":\"text-accent\"} );\n    });\n<\/script>[\/et_pb_code][\/et_pb_column][\/et_pb_row][\/et_pb_section]<\/p>\n","protected":false},"excerpt":{"rendered":"<p>Lomi Lomi Massage Berlin Suchen Sie eine Lomi Lomi Massage in Ihrer N\u00e4he?Northern Holistic in Berlin-Sch\u00f6neberg ist auf Lomi Lomi Massagen spezialisiert. Lomi Lomi, auch bekannt als \u201eLoving Hands\u201c-Massage, ist eine traditionelle hawaiianische Massage. Das Wort \u201eLomi\u201c bedeutet kneten, reiben, beruhigen und hinein- und herausarbeiten. Lassen Sie uns einen genaueren Blick darauf werfen, was eine [&hellip;]<\/p>\n","protected":false},"author":2,"featured_media":0,"parent":0,"menu_order":0,"comment_status":"closed","ping_status":"closed","template":"","meta":{"_et_pb_use_builder":"on","_et_pb_old_content":"","_et_gb_content_width":"","footnotes":""},"class_list":["post-376","page","type-page","status-publish","hentry"],"yoast_head":"<!-- This site is optimized with the Yoast SEO plugin v27.3 - https:\/\/yoast.com\/product\/yoast-seo-wordpress\/ -->\n<title>Lomi-Lomi-Massage - Northern Holistic<\/title>\n<meta name=\"robots\" content=\"noindex, follow, max-snippet:-1, max-image-preview:large, max-video-preview:-1\" \/>\n<meta property=\"og:locale\" content=\"de_DE\" \/>\n<meta property=\"og:type\" content=\"article\" \/>\n<meta property=\"og:title\" content=\"Lomi-Lomi-Massage - Northern Holistic\" \/>\n<meta property=\"og:description\" content=\"Lomi Lomi Massage Berlin Suchen Sie eine Lomi Lomi Massage in Ihrer N\u00e4he?Northern Holistic in Berlin-Sch\u00f6neberg ist auf Lomi Lomi Massagen spezialisiert. Lomi Lomi, auch bekannt als \u201eLoving Hands\u201c-Massage, ist eine traditionelle hawaiianische Massage. Das Wort \u201eLomi\u201c bedeutet kneten, reiben, beruhigen und hinein- und herausarbeiten. Lassen Sie uns einen genaueren Blick darauf werfen, was eine [&hellip;]\" \/>\n<meta property=\"og:url\" content=\"https:\/\/test2.northernholistic.de\/de\/lomi-lomi-massage\/\" \/>\n<meta property=\"og:site_name\" content=\"Northern Holistic\" \/>\n<meta property=\"article:publisher\" content=\"https:\/\/www.facebook.com\/NorthernHolistic\" \/>\n<meta property=\"article:modified_time\" content=\"2023-05-15T10:14:42+00:00\" \/>\n<meta name=\"twitter:card\" content=\"summary_large_image\" \/>\n<meta name=\"twitter:label1\" content=\"Gesch\u00e4tzte Lesezeit\" \/>\n\t<meta name=\"twitter:data1\" content=\"7\u00a0Minuten\" \/>\n<script type=\"application\/ld+json\" class=\"yoast-schema-graph\">{\"@context\":\"https:\\\/\\\/schema.org\",\"@graph\":[{\"@type\":\"WebPage\",\"@id\":\"https:\\\/\\\/test2.northernholistic.de\\\/de\\\/lomi-lomi-massage\\\/\",\"url\":\"https:\\\/\\\/test2.northernholistic.de\\\/de\\\/lomi-lomi-massage\\\/\",\"name\":\"Lomi-Lomi-Massage - Northern Holistic\",\"isPartOf\":{\"@id\":\"https:\\\/\\\/test2.northernholistic.de\\\/de\\\/#website\"},\"datePublished\":\"2021-09-10T13:24:21+00:00\",\"dateModified\":\"2023-05-15T10:14:42+00:00\",\"breadcrumb\":{\"@id\":\"https:\\\/\\\/test2.northernholistic.de\\\/de\\\/lomi-lomi-massage\\\/#breadcrumb\"},\"inLanguage\":\"de\",\"potentialAction\":[{\"@type\":\"ReadAction\",\"target\":[\"https:\\\/\\\/test2.northernholistic.de\\\/de\\\/lomi-lomi-massage\\\/\"]}]},{\"@type\":\"BreadcrumbList\",\"@id\":\"https:\\\/\\\/test2.northernholistic.de\\\/de\\\/lomi-lomi-massage\\\/#breadcrumb\",\"itemListElement\":[{\"@type\":\"ListItem\",\"position\":1,\"name\":\"Home\",\"item\":\"https:\\\/\\\/test2.northernholistic.de\\\/de\\\/\"},{\"@type\":\"ListItem\",\"position\":2,\"name\":\"Lomi-Lomi-Massage\"}]},{\"@type\":\"WebSite\",\"@id\":\"https:\\\/\\\/test2.northernholistic.de\\\/de\\\/#website\",\"url\":\"https:\\\/\\\/test2.northernholistic.de\\\/de\\\/\",\"name\":\"Northern Holistic\",\"description\":\"A centre dedicated to Holistic Therapies\",\"publisher\":{\"@id\":\"https:\\\/\\\/test2.northernholistic.de\\\/de\\\/#organization\"},\"potentialAction\":[{\"@type\":\"SearchAction\",\"target\":{\"@type\":\"EntryPoint\",\"urlTemplate\":\"https:\\\/\\\/test2.northernholistic.de\\\/de\\\/?s={search_term_string}\"},\"query-input\":{\"@type\":\"PropertyValueSpecification\",\"valueRequired\":true,\"valueName\":\"search_term_string\"}}],\"inLanguage\":\"de\"},{\"@type\":\"Organization\",\"@id\":\"https:\\\/\\\/test2.northernholistic.de\\\/de\\\/#organization\",\"name\":\"Northern Holistic\",\"url\":\"https:\\\/\\\/test2.northernholistic.de\\\/de\\\/\",\"logo\":{\"@type\":\"ImageObject\",\"inLanguage\":\"de\",\"@id\":\"https:\\\/\\\/test2.northernholistic.de\\\/de\\\/#\\\/schema\\\/logo\\\/image\\\/\",\"url\":\"https:\\\/\\\/northernholistic.de\\\/wp-content\\\/uploads\\\/2021\\\/05\\\/Noho-New-Transparent.png\",\"contentUrl\":\"https:\\\/\\\/northernholistic.de\\\/wp-content\\\/uploads\\\/2021\\\/05\\\/Noho-New-Transparent.png\",\"width\":608,\"height\":314,\"caption\":\"Northern Holistic\"},\"image\":{\"@id\":\"https:\\\/\\\/test2.northernholistic.de\\\/de\\\/#\\\/schema\\\/logo\\\/image\\\/\"},\"sameAs\":[\"https:\\\/\\\/www.facebook.com\\\/NorthernHolistic\"]}]}<\/script>\n<!-- \/ Yoast SEO plugin. -->","yoast_head_json":{"title":"Lomi-Lomi-Massage - Northern Holistic","robots":{"index":"noindex","follow":"follow","max-snippet":"max-snippet:-1","max-image-preview":"max-image-preview:large","max-video-preview":"max-video-preview:-1"},"og_locale":"de_DE","og_type":"article","og_title":"Lomi-Lomi-Massage - Northern Holistic","og_description":"Lomi Lomi Massage Berlin Suchen Sie eine Lomi Lomi Massage in Ihrer N\u00e4he?Northern Holistic in Berlin-Sch\u00f6neberg ist auf Lomi Lomi Massagen spezialisiert. Lomi Lomi, auch bekannt als \u201eLoving Hands\u201c-Massage, ist eine traditionelle hawaiianische Massage. Das Wort \u201eLomi\u201c bedeutet kneten, reiben, beruhigen und hinein- und herausarbeiten. Lassen Sie uns einen genaueren Blick darauf werfen, was eine [&hellip;]","og_url":"https:\/\/test2.northernholistic.de\/de\/lomi-lomi-massage\/","og_site_name":"Northern Holistic","article_publisher":"https:\/\/www.facebook.com\/NorthernHolistic","article_modified_time":"2023-05-15T10:14:42+00:00","twitter_card":"summary_large_image","twitter_misc":{"Gesch\u00e4tzte Lesezeit":"7\u00a0Minuten"},"schema":{"@context":"https:\/\/schema.org","@graph":[{"@type":"WebPage","@id":"https:\/\/test2.northernholistic.de\/de\/lomi-lomi-massage\/","url":"https:\/\/test2.northernholistic.de\/de\/lomi-lomi-massage\/","name":"Lomi-Lomi-Massage - Northern Holistic","isPartOf":{"@id":"https:\/\/test2.northernholistic.de\/de\/#website"},"datePublished":"2021-09-10T13:24:21+00:00","dateModified":"2023-05-15T10:14:42+00:00","breadcrumb":{"@id":"https:\/\/test2.northernholistic.de\/de\/lomi-lomi-massage\/#breadcrumb"},"inLanguage":"de","potentialAction":[{"@type":"ReadAction","target":["https:\/\/test2.northernholistic.de\/de\/lomi-lomi-massage\/"]}]},{"@type":"BreadcrumbList","@id":"https:\/\/test2.northernholistic.de\/de\/lomi-lomi-massage\/#breadcrumb","itemListElement":[{"@type":"ListItem","position":1,"name":"Home","item":"https:\/\/test2.northernholistic.de\/de\/"},{"@type":"ListItem","position":2,"name":"Lomi-Lomi-Massage"}]},{"@type":"WebSite","@id":"https:\/\/test2.northernholistic.de\/de\/#website","url":"https:\/\/test2.northernholistic.de\/de\/","name":"Northern Holistic","description":"A centre dedicated to Holistic Therapies","publisher":{"@id":"https:\/\/test2.northernholistic.de\/de\/#organization"},"potentialAction":[{"@type":"SearchAction","target":{"@type":"EntryPoint","urlTemplate":"https:\/\/test2.northernholistic.de\/de\/?s={search_term_string}"},"query-input":{"@type":"PropertyValueSpecification","valueRequired":true,"valueName":"search_term_string"}}],"inLanguage":"de"},{"@type":"Organization","@id":"https:\/\/test2.northernholistic.de\/de\/#organization","name":"Northern Holistic","url":"https:\/\/test2.northernholistic.de\/de\/","logo":{"@type":"ImageObject","inLanguage":"de","@id":"https:\/\/test2.northernholistic.de\/de\/#\/schema\/logo\/image\/","url":"https:\/\/northernholistic.de\/wp-content\/uploads\/2021\/05\/Noho-New-Transparent.png","contentUrl":"https:\/\/northernholistic.de\/wp-content\/uploads\/2021\/05\/Noho-New-Transparent.png","width":608,"height":314,"caption":"Northern Holistic"},"image":{"@id":"https:\/\/test2.northernholistic.de\/de\/#\/schema\/logo\/image\/"},"sameAs":["https:\/\/www.facebook.com\/NorthernHolistic"]}]}},"_links":{"self":[{"href":"https:\/\/test2.northernholistic.de\/de\/wp-json\/wp\/v2\/pages\/376","targetHints":{"allow":["GET"]}}],"collection":[{"href":"https:\/\/test2.northernholistic.de\/de\/wp-json\/wp\/v2\/pages"}],"about":[{"href":"https:\/\/test2.northernholistic.de\/de\/wp-json\/wp\/v2\/types\/page"}],"author":[{"embeddable":true,"href":"https:\/\/test2.northernholistic.de\/de\/wp-json\/wp\/v2\/users\/2"}],"replies":[{"embeddable":true,"href":"https:\/\/test2.northernholistic.de\/de\/wp-json\/wp\/v2\/comments?post=376"}],"version-history":[{"count":13,"href":"https:\/\/test2.northernholistic.de\/de\/wp-json\/wp\/v2\/pages\/376\/revisions"}],"predecessor-version":[{"id":1769,"href":"https:\/\/test2.northernholistic.de\/de\/wp-json\/wp\/v2\/pages\/376\/revisions\/1769"}],"wp:attachment":[{"href":"https:\/\/test2.northernholistic.de\/de\/wp-json\/wp\/v2\/media?parent=376"}],"curies":[{"name":"wp","href":"https:\/\/api.w.org\/{rel}","templated":true}]}}