{"id":405,"date":"2021-09-10T15:29:16","date_gmt":"2021-09-10T13:29:16","guid":{"rendered":"https:\/\/northernholistic.de\/thailaendische-massage\/"},"modified":"2023-05-15T12:11:29","modified_gmt":"2023-05-15T10:11:29","slug":"thailaendische-massage","status":"publish","type":"page","link":"https:\/\/test2.northernholistic.de\/de\/thailaendische-massage\/","title":{"rendered":"Thail\u00e4ndische Massage"},"content":{"rendered":"<p>[et_pb_section fb_built=&#8220;1&#8243; _builder_version=&#8220;4.16&#8243; _module_preset=&#8220;default&#8220; global_colors_info=&#8220;{}&#8220;][et_pb_row column_structure=&#8220;1_2,1_2&#8243; _builder_version=&#8220;4.16&#8243; _module_preset=&#8220;default&#8220; custom_padding=&#8220;27px|||||&#8220; global_colors_info=&#8220;{}&#8220;][et_pb_column type=&#8220;1_2&#8243; _builder_version=&#8220;4.16&#8243; _module_preset=&#8220;default&#8220; global_colors_info=&#8220;{}&#8220;][et_pb_divider show_divider=&#8220;off&#8220; disabled_on=&#8220;on|on|off&#8220; _builder_version=&#8220;4.16&#8243; _module_preset=&#8220;default&#8220; min_height=&#8220;100px&#8220; global_colors_info=&#8220;{}&#8220;][\/et_pb_divider][et_pb_text _builder_version=&#8220;4.21.0&#8243; _module_preset=&#8220;default&#8220; hover_enabled=&#8220;0&#8243; global_colors_info=&#8220;{}&#8220; sticky_enabled=&#8220;0&#8243;]<\/p>\n<h1>Thai-Massage Berlin<\/h1>\n<p>Suchen Sie eine Thaimassage in Ihrer N\u00e4he?<\/p>\n<p>[\/et_pb_text][\/et_pb_column][et_pb_column type=&#8220;1_2&#8243; _builder_version=&#8220;4.16&#8243; _module_preset=&#8220;default&#8220; global_colors_info=&#8220;{}&#8220;][et_pb_image src=&#8220;https:\/\/northernholistic.de\/wp-content\/uploads\/2021\/09\/Northern-Holistic-Berlin-Thai-Massage-scaled.jpg&#8220; alt=&#8220;Thai-Massage im Northern Holistic Berlin&#8220; title_text=&#8220;Thai-Massage im Northern Holistic Berlin&#8220; _builder_version=&#8220;4.16&#8243; _module_preset=&#8220;default&#8220; global_colors_info=&#8220;{}&#8220;][\/et_pb_image][\/et_pb_column][\/et_pb_row][et_pb_row _builder_version=&#8220;4.16&#8243; _module_preset=&#8220;default&#8220; global_colors_info=&#8220;{}&#8220;][et_pb_column type=&#8220;4_4&#8243; _builder_version=&#8220;4.16&#8243; _module_preset=&#8220;default&#8220; global_colors_info=&#8220;{}&#8220;][et_pb_text _builder_version=&#8220;4.16&#8243; _module_preset=&#8220;default&#8220; global_colors_info=&#8220;{}&#8220;]<\/p>\n<p><strong>Northern Holistic<\/strong> in Berlin-Sch\u00f6neberg ist auf <strong>Thaimassage<\/strong>spezialisiert. <span style=\"font-weight: 400;\">Eine Thaimassage ist mehr als eine typische Massage. Es ist ein uraltes Heilsystem, das seinen Ursprung in Thailand hat und 2.500 bis 7.000 Jahren zur\u00fcckreicht. Lesen Sie weiter, um mehr dar\u00fcber zu erfahren, was eine Thaimassage ist und wie sie Ihr Leben zum Besseren ver\u00e4ndern kann.<\/span><\/p>\n<p>Die <strong>Thaimassage<\/strong>kostet [simpleprice text=&#8220;73&#8243;] 45 Minuten lang,[simpleprice text=&#8220;74&#8243;] f\u00fcr 60 Minuten und[simpleprice text=&#8220;75&#8243;] f\u00fcr 90 Minuten. Buchen Sie jetzt Ihre Thaimassage mit <strong>Northern Holistic:<\/strong><\/p>\n<p>&nbsp;<\/p>\n<p>[\/et_pb_text][et_pb_pricing_tables show_bullet=&#8220;off&#8220; _builder_version=&#8220;4.16&#8243; _module_preset=&#8220;default&#8220; custom_css_pricing_top=&#8220;display:none;&#8220; custom_css_price=&#8220;display:none;&#8220; global_colors_info=&#8220;{}&#8220;][et_pb_pricing_table title=&#8220;45 Minuten&#8220; currency=&#8220;\u20ac&#8220; sum=&#8220;%91simpleprice text=8%93&#8243; button_url=&#8220;#bookly-form&#8220; button_text=&#8220;Einen Termin verabreden&#8220; _builder_version=&#8220;4.16&#8243; _module_preset=&#8220;default&#8220; global_colors_info=&#8220;{}&#8220; sticky_transition=&#8220;on&#8220;]<\/p>\n<p>&nbsp;<\/p>\n<h2 style=\"text-align: center; font-size: 70px;\">[simpleprice text=&#8220;73&#8243;]<\/h2>\n<p>&nbsp;<\/p>\n<p>[\/et_pb_pricing_table][et_pb_pricing_table title=&#8220;60 Minuten&#8220; currency=&#8220;\u20ac&#8220; sum=&#8220;%91simpleprice text=8%93&#8243; button_url=&#8220;#bookly-form&#8220; button_text=&#8220;Einen Termin verabreden&#8220; _builder_version=&#8220;4.16&#8243; _module_preset=&#8220;default&#8220; global_colors_info=&#8220;{}&#8220; sticky_transition=&#8220;on&#8220;]<\/p>\n<p>&nbsp;<\/p>\n<h2 style=\"text-align: center; font-size: 70px;\">[simpleprice text=&#8220;74&#8243;]<\/h2>\n<p>&nbsp;<\/p>\n<p>[\/et_pb_pricing_table][et_pb_pricing_table title=&#8220;90 Minuten&#8220; currency=&#8220;\u20ac&#8220; sum=&#8220;%91simpleprice text=8%93&#8243; button_url=&#8220;#bookly-form&#8220; button_text=&#8220;Einen Termin verabreden&#8220; _builder_version=&#8220;4.16&#8243; _module_preset=&#8220;default&#8220; global_colors_info=&#8220;{}&#8220; sticky_transition=&#8220;on&#8220;]<\/p>\n<p>&nbsp;<\/p>\n<h2 style=\"text-align: center; font-size: 70px;\">[simpleprice text=&#8220;75&#8243;]<\/h2>\n<p>&nbsp;<\/p>\n<p>[\/et_pb_pricing_table][\/et_pb_pricing_tables][\/et_pb_column][\/et_pb_row][et_pb_row _builder_version=&#8220;4.16&#8243; _module_preset=&#8220;default&#8220; global_colors_info=&#8220;{}&#8220;][et_pb_column type=&#8220;4_4&#8243; _builder_version=&#8220;4.16&#8243; _module_preset=&#8220;default&#8220; global_colors_info=&#8220;{}&#8220;][et_pb_text _builder_version=&#8220;4.16&#8243; _module_preset=&#8220;default&#8220; global_colors_info=&#8220;{}&#8220;]<\/p>\n<ol>\n<li><a href=\"#what-is-thai-massage\">1. Was ist eine Thaimassage ?<\/a><\/li>\n<li><a href=\"#benefits-thai-massage\">2. Was sind die Vorteile einer Thaimassage?<\/a><\/li>\n<li><a href=\"#suitable-thai-massage\">Ist eine Thaimassage f\u00fcr Sie geeignet?<\/a><\/li>\n<li><a href=\"#help-thai-massage\">Wie wir Ihnen helfen k\u00f6nnen<\/a><\/li>\n<li><a href=\"#faq-thai-massage\">FAQ &#8211; H\u00e4ufig gestellte Fragen<\/a><\/li>\n<\/ol>\n<p>[\/et_pb_text][et_pb_text module_id=&#8220;what-is-thai-massage&#8220; _builder_version=&#8220;4.16&#8243; _module_preset=&#8220;default&#8220; global_colors_info=&#8220;{}&#8220;]<\/p>\n<h2>1. Was ist eine Thaimassage ?<\/h2>\n<p><span style=\"font-weight: 400;\">Auch bekannt als Yoga-Massage oder antike Massage, beinhaltet die Thaimassage Elemente aus Yoga, Massage, Akupressur und Energiebalance. W\u00e4hrend der Behandlung liegen Sie bekleidet auf einer Bodenmatte oder einem breiten Tisch. Dann wird Sie ein Therapeut langsam durch eine Reihe von Dehn\u00fcbungen f\u00fchren, die Ihren gesamten K\u00f6rper bedecken und gleichzeitig Ihre k\u00f6rperlichen Einschr\u00e4nkungen respektieren. Der Fokus wird es sein, den Energiefluss durch Ihren K\u00f6rper zu verbessern.<\/span><\/p>\n<ul><\/ul>\n<p>[\/et_pb_text][et_pb_text module_id=&#8220;benefits-thai-massage&#8220; _builder_version=&#8220;4.16&#8243; _module_preset=&#8220;default&#8220; custom_padding=&#8220;4px||0px|||&#8220; global_colors_info=&#8220;{}&#8220;]<\/p>\n<h2>2. Was sind die Vorteile einer Thaimassage ?<\/h2>\n<p><strong>Sie steigert die Energie<\/strong><\/p>\n<p><span style=\"font-weight: 400;\">Da die Techniken der Thaimassage auf den Energiefeldern im K\u00f6rper basieren, kann sie Ihr k\u00f6rperliches und geistiges Energieniveau steigern. Es kann Ihr \u201eMuntermacher\u201c sein, den Sie brauchen, um das produktive, erf\u00fcllte Leben zu f\u00fchren, das Sie verdienen. <\/span><\/p>\n<p><strong>Sie reduziert Stress<\/strong><\/p>\n<p><span style=\"font-weight: 400;\">\u00dcberm\u00e4\u00dfiger Stress kann Ihre allgemeine Gesundheit stark beeintr\u00e4chtigen. Bei der Thaimassage werden Dehnungstechniken verwendet, um Ihren K\u00f6rper zu entspannen und Stress zu minimieren. Es kann das Risiko von stressbedingten Krankheiten wie Angstzust\u00e4nden, Depressionen und Herzerkrankungen verringern. <\/span><\/p>\n<p><strong>Sie stimuliert die Durchblutung<\/strong><\/p>\n<p><span style=\"font-weight: 400;\">Die sanften, yoga\u00e4hnlichen Dehnungen bei der Thaimassage f\u00f6rdern die Durchblutung verschiedener K\u00f6rperteile. Eine verbesserte Durchblutung f\u00f6rdert das Zellwachstum und ein gesundes Herz. Es stimuliert auch das somatosensorische System, das f\u00fcr ein gutes Gleichgewicht unerl\u00e4sslich ist. <\/span><\/p>\n<p><strong>Sie erh\u00f6ht die Flexibilit\u00e4t<\/strong><\/p>\n<p><span style=\"font-weight: 400;\">Durch die allm\u00e4hlichen und sanften Dehnungen bei der Thaimassage k\u00f6nnen Sie Ihre Flexibilit\u00e4t, insbesondere bei wiederholten Sitzungen, verbessern. Gr\u00f6\u00dfere Flexibilit\u00e4t erm\u00f6glicht einen verbesserten Bewegungsumfang und hilft, \u00fcberm\u00e4\u00dfige Gelenkreibung zu reduzieren, die w\u00e4hrend der Bewegung Schmerzen verursachen kann. <\/span><\/p>\n<p><strong>Sie lindert Kopfschmerzen<\/strong><\/p>\n<p><span style=\"font-weight: 400;\">Studien haben bewiesen, dass die Thaimassage die Symptome von Migr\u00e4ne oder Spannungskopfschmerzen lindern kann. Sie reduziert Muskelverspannungen, lindert Muskelkr\u00e4mpfe und l\u00f6st verk\u00fcrzte Muskeln. <\/span><\/p>\n<p>[\/et_pb_text][et_pb_text module_id=&#8220;suitable-thai-massage&#8220; _builder_version=&#8220;4.16&#8243; _module_preset=&#8220;default&#8220; global_colors_info=&#8220;{}&#8220;]<\/p>\n<h2>3. IIst die Thaimassage f\u00fcr Sie geeignet?<\/h2>\n<p><span style=\"font-weight: 400;\">Wenn Sie nach einer M\u00f6glichkeit suchen, Stress abzubauen und sich von innen heraus erfrischt und verj\u00fcngt zu f\u00fchlen, ist eine Thaimassage eine gro\u00dfartige Option. Sie ist auch ideal, wenn Sie mit k\u00f6rperlicher und geistiger M\u00fcdigkeit oder Arthritis zu k\u00e4mpfen haben. Wenn Sie sich von einer Verletzung, einem Unfall, einer offenen Wunde oder einer infekti\u00f6sen Hauterkrankung erholen, empfehlen wir Ihnen, sich vollst\u00e4ndig zu erholen, bevor Sie sich einer Thaimassage unterziehen, da dies weitere Sch\u00e4den verursachen kann. <\/span><\/p>\n<p>[\/et_pb_text][et_pb_text module_id=&#8220;help-thai-massage&#8220; _builder_version=&#8220;4.16&#8243; _module_preset=&#8220;default&#8220; global_colors_info=&#8220;{}&#8220;]<\/p>\n<h2>4. Wie wir Ihnen helfen k\u00f6nnen<\/h2>\n<p><span style=\"font-weight: 400;\">Unsere Therapeuten werden Ihre H\u00e4nde, Knie, F\u00fc\u00dfe und Beine benutzen, um Sie in einer Reihe von sanften Dehnungen zu bewegen. Diese rigorose und dennoch entspannende Technik kann Ihre Durchblutung, Flexibilit\u00e4t, K\u00f6rperhaltung, Ihren Muskeltonus und Ihre sportliche Leistung verbessern. Seien Sie versichert, dass wir die Intensit\u00e4t und den Druck der Behandlung an Ihre individuellen Bed\u00fcrfnisse anpassen werden.<\/span><\/p>\n<p>[\/et_pb_text][et_pb_text module_id=&#8220;faq-thai-massage&#8220; _builder_version=&#8220;4.16&#8243; _module_preset=&#8220;default&#8220; global_colors_info=&#8220;{}&#8220;]<\/p>\n<h2>5. FAQ &#8211; H\u00e4ufig gestellte Fragen<\/h2>\n<p><strong>Ist eine Thaimassage sicher?<\/strong><\/p>\n<p><span style=\"font-weight: 400;\">Absolut! Der von uns erstellte Behandlungsplan h\u00e4ngt von den spezifischen Einschr\u00e4nkungen Ihres K\u00f6rpers ab. Wir werden vor jeder Sitzung eine umfassende Aufnahme durchf\u00fchren, um sicherzustellen, dass die von uns verwendeten Techniken f\u00fcr Ihren einzigartigen K\u00f6rper sicher sind. <\/span><\/p>\n<p><strong>Tut eine Thaimassage weh?<\/strong><\/p>\n<p><span style=\"font-weight: 400;\">Unsere Therapeuten sorgen daf\u00fcr, dass die Massage so durchgef\u00fchrt wird, dass sie Ihrem Komfort entspricht. Auch wenn sich einige Bewegungen etwas seltsam anf\u00fchlen, sollten Sie niemals Schmerzen versp\u00fcren. Wir empfehlen Ihnen, uns mitzuteilen, wenn Sie Schmerzen oder Beschwerden haben.<\/span><\/p>\n<p><strong>Wie bereite ich mich auf eine Thaimassage vor?<\/strong><\/p>\n<p><span style=\"font-weight: 400;\">Wir bitten Sie, fr\u00fcher als zum vereinbarten Termin zu erscheinen, um einige Unterlagen auszuf\u00fcllen. Ziehen Sie au\u00dferdem lockere, bequeme Kleidung an, in der Sie sich leicht bewegen k\u00f6nnen. Vermeiden Sie alles, was zu eng oder rutschig ist. Wenn Sie vor Ihrer Sitzung etwas essen m\u00fcssen, bitte nur eine leichte Mahlzeit.<\/span><\/p>\n<p><strong>Wie unterscheidet sich die Thai-Massage von anderen Massagearten?<\/strong><\/p>\n<p><span style=\"font-weight: 400;\">Bei den meisten Massagen verwenden Therapeuten ihre H\u00e4nde und Gegenst\u00e4nde, um Ihre Muskeln zu manipulieren und zu entspannen, w\u00e4hrend Sie unbekleidet auf einem Massagetisch liegen. Wenn Sie sich f\u00fcr eine Thaimassage entscheiden, liegen Sie mit Ihrer Kleidung auf einer Matte auf dem Boden. <\/span><\/p>\n<p><strong>Welche Risiken birgt die Thaimassage?<\/strong><\/p>\n<p><span style=\"font-weight: 400;\">Wie jede andere Massage birgt auch eine Thaimassage einige Risiken. Sie kann Ihre Herzfrequenz ver\u00e4ndern und die Muskeln verletzen, wenn es zu rau ist. In den meisten F\u00e4llen ist eine Thaimassage jedoch harmlos und \u00e4u\u00dferst wohltuend. <\/span><\/p>\n<p>&nbsp;<\/p>\n<p>[\/et_pb_text][\/et_pb_column][\/et_pb_row][et_pb_row _builder_version=&#8220;4.16&#8243; _module_preset=&#8220;default&#8220; global_colors_info=&#8220;{}&#8220;][et_pb_column type=&#8220;4_4&#8243; _builder_version=&#8220;4.16&#8243; _module_preset=&#8220;default&#8220; global_colors_info=&#8220;{}&#8220;][et_pb_text _builder_version=&#8220;4.16&#8243; _module_preset=&#8220;default&#8220; global_colors_info=&#8220;{}&#8220;]<\/p>\n<h2>Buchen Sie jetzt Ihre Thai-Massage bei Northern Holistic Berlin<\/h2>\n<p>[\/et_pb_text][et_pb_code module_id=&#8220;bookly-form&#8220; _builder_version=&#8220;4.16&#8243; _module_preset=&#8220;default&#8220; global_colors_info=&#8220;{}&#8220;]<!--\nPlugin Name: Bookly - Responsive WordPress Appointment Booking and Scheduling Plugin\nPlugin URI: https:\/\/www.booking-wp-plugin.com\/?utm_source=bookly_admin&utm_medium=plugins_page&utm_campaign=plugins_page\nVersion: 26.7-->\n<style type=\"text\/css\">\n    :root {\n        --bookly-main-color: #7cc68d !important;\n        --bookly-color: #7cc68d !important;\n    }\n\n        \/* 1) Hide the Category column completely *\/\n.bookly-form .bookly-row .bookly-column:has(select[name=\"category_id\"]),\n.bookly-form label:has(+ select[name=\"category_id\"]),\n.bookly-form select[name=\"category_id\"] { display: none !important; }\n\n\/* 2) Put Employee before Service (requires Chrome\/Safari\/Edge that support :has) *\/\n.bookly-form .bookly-row { display: flex; flex-wrap: wrap; gap: 12px; }\n.bookly-form .bookly-row .bookly-column { order: 2; } \/* default *\/\n.bookly-form .bookly-row .bookly-column:has(select[name=\"staff_id\"]) { order: 1; }\n.bookly-form .bookly-row .bookly-column:has(select[name=\"service_id\"]) { order: 2; }\n\n\/* 3) Make the two remaining selects fill nicely *\/\n.bookly-form .bookly-row .bookly-column:has(select[name=\"staff_id\"]),\n.bookly-form .bookly-row .bookly-column:has(select[name=\"service_id\"]) {\n  flex: 1 1 320px;\n}    <\/style><div class=\"bookly-css-root\">\n    <div id=\"bookly-form-69d290a025df2\" class=\"bookly-form\" data-form_id=\"69d290a025df2\" aria-live=\"polite\">\n        <div style=\"text-align: center\"><img decoding=\"async\" data-src=\"https:\/\/test2.northernholistic.de\/wp-includes\/js\/tinymce\/skins\/lightgray\/img\/loader.gif\" alt=\"Wird geladen ...\" src=\"data:image\/svg+xml;base64,PHN2ZyB3aWR0aD0iMSIgaGVpZ2h0PSIxIiB4bWxucz0iaHR0cDovL3d3dy53My5vcmcvMjAwMC9zdmciPjwvc3ZnPg==\" class=\"lazyload\" \/><\/div>\n    <\/div>\n<\/div>\n<script type=\"text\/javascript\">\n    (function (win, fn) {\n        var done = false, top = true,\n            doc = win.document,\n            root = doc.documentElement,\n            modern = doc.addEventListener,\n            add = modern ? 'addEventListener' : 'attachEvent',\n            rem = modern ? 'removeEventListener' : 'detachEvent',\n            pre = modern ? '' : 'on',\n            init = function (e) {\n                if (e.type == 'readystatechange') if (doc.readyState != 'complete') return;\n                (e.type == 'load' ? win : doc)[rem](pre + e.type, init, false);\n                if (!done) {\n                    done = true;\n                    fn.call(win, e.type || e);\n                }\n            },\n            poll = function () {\n                try {\n                    root.doScroll('left');\n                } catch (e) {\n                    setTimeout(poll, 50);\n                    return;\n                }\n                init('poll');\n            };\n        if (doc.readyState == 'complete') fn.call(win, 'lazy');\n        else {\n            if (!modern) if (root.doScroll) {\n                try {\n                    top = !win.frameElement;\n                } catch (e) {\n                }\n                if (top) poll();\n            }\n            doc[add](pre + 'DOMContentLoaded', init, false);\n            doc[add](pre + 'readystatechange', init, false);\n            win[add](pre + 'load', init, false);\n        }\n    })(window, function () {\n        window.bookly( {\"form_id\":\"69d290a025df2\",\"status\":{\"booking\":\"new\"},\"skip_steps\":{\"service_part1\":0,\"service_part2\":0,\"extras\":1,\"time\":0,\"repeat\":1,\"cart\":1},\"errors\":{\"session_error\":\"Session-Fehler.\",\"form_id_error\":\"Formular-ID Fehler.\",\"cart_item_not_available\":\"Die gew\\u00e4hlte Zeit ist nicht mehr verf\\u00fcgbar. Bitte w\\u00e4hlen Sie ein anderes Zeitfenster.\",\"pay_locally_not_available\":\"Vor Ort zahlen ist nicht verf\\u00fcgbar.\",\"invalid_gateway\":\"Ung\\u00fcltiger Zugang.\",\"payment_error\":\"Fehler.\",\"incorrect_username_password\":\"Der Benutzername oder das Passwort ist falsch.\"},\"form_attributes\":{\"hide_categories\":false,\"hide_services\":false,\"hide_staff_members\":false,\"show_number_of_persons\":false,\"hide_service_duration\":true,\"hide_locations\":true,\"hide_quantity\":true,\"hide_date\":false,\"hide_week_days\":true,\"hide_time_range\":true},\"use_client_time_zone\":0,\"defaults\":{\"service_id\":0,\"staff_id\":0,\"location_id\":0,\"category_id\":10},\"datepicker_mode\":\"text-accent\"} );\n    });\n<\/script>[\/et_pb_code][et_pb_code _builder_version=&#8220;4.16&#8243; _module_preset=&#8220;default&#8220; global_colors_info=&#8220;{}&#8220;][\/et_pb_code][\/et_pb_column][\/et_pb_row][\/et_pb_section]<\/p>\n","protected":false},"excerpt":{"rendered":"<p>Thai-Massage Berlin Suchen Sie eine Thaimassage in Ihrer N\u00e4he?Northern Holistic in Berlin-Sch\u00f6neberg ist auf Thaimassagespezialisiert. Eine Thaimassage ist mehr als eine typische Massage. Es ist ein uraltes Heilsystem, das seinen Ursprung in Thailand hat und 2.500 bis 7.000 Jahren zur\u00fcckreicht. Lesen Sie weiter, um mehr dar\u00fcber zu erfahren, was eine Thaimassage ist und wie sie [&hellip;]<\/p>\n","protected":false},"author":2,"featured_media":0,"parent":0,"menu_order":0,"comment_status":"closed","ping_status":"closed","template":"","meta":{"_et_pb_use_builder":"on","_et_pb_old_content":"","_et_gb_content_width":"","footnotes":""},"class_list":["post-405","page","type-page","status-publish","hentry"],"yoast_head":"<!-- This site is optimized with the Yoast SEO plugin v27.3 - https:\/\/yoast.com\/product\/yoast-seo-wordpress\/ -->\n<title>Thail\u00e4ndische Massage - Northern Holistic<\/title>\n<meta name=\"robots\" content=\"noindex, follow, max-snippet:-1, max-image-preview:large, max-video-preview:-1\" \/>\n<meta property=\"og:locale\" content=\"de_DE\" \/>\n<meta property=\"og:type\" content=\"article\" \/>\n<meta property=\"og:title\" content=\"Thail\u00e4ndische Massage - Northern Holistic\" \/>\n<meta property=\"og:description\" content=\"Thai-Massage Berlin Suchen Sie eine Thaimassage in Ihrer N\u00e4he?Northern Holistic in Berlin-Sch\u00f6neberg ist auf Thaimassagespezialisiert. Eine Thaimassage ist mehr als eine typische Massage. Es ist ein uraltes Heilsystem, das seinen Ursprung in Thailand hat und 2.500 bis 7.000 Jahren zur\u00fcckreicht. Lesen Sie weiter, um mehr dar\u00fcber zu erfahren, was eine Thaimassage ist und wie sie [&hellip;]\" \/>\n<meta property=\"og:url\" content=\"https:\/\/test2.northernholistic.de\/de\/thailaendische-massage\/\" \/>\n<meta property=\"og:site_name\" content=\"Northern Holistic\" \/>\n<meta property=\"article:publisher\" content=\"https:\/\/www.facebook.com\/NorthernHolistic\" \/>\n<meta property=\"article:modified_time\" content=\"2023-05-15T10:11:29+00:00\" \/>\n<meta name=\"twitter:card\" content=\"summary_large_image\" \/>\n<meta name=\"twitter:label1\" content=\"Gesch\u00e4tzte Lesezeit\" \/>\n\t<meta name=\"twitter:data1\" content=\"7\u00a0Minuten\" \/>\n<script type=\"application\/ld+json\" class=\"yoast-schema-graph\">{\"@context\":\"https:\\\/\\\/schema.org\",\"@graph\":[{\"@type\":\"WebPage\",\"@id\":\"https:\\\/\\\/test2.northernholistic.de\\\/de\\\/thailaendische-massage\\\/\",\"url\":\"https:\\\/\\\/test2.northernholistic.de\\\/de\\\/thailaendische-massage\\\/\",\"name\":\"Thail\u00e4ndische Massage - Northern Holistic\",\"isPartOf\":{\"@id\":\"https:\\\/\\\/test2.northernholistic.de\\\/de\\\/#website\"},\"datePublished\":\"2021-09-10T13:29:16+00:00\",\"dateModified\":\"2023-05-15T10:11:29+00:00\",\"breadcrumb\":{\"@id\":\"https:\\\/\\\/test2.northernholistic.de\\\/de\\\/thailaendische-massage\\\/#breadcrumb\"},\"inLanguage\":\"de\",\"potentialAction\":[{\"@type\":\"ReadAction\",\"target\":[\"https:\\\/\\\/test2.northernholistic.de\\\/de\\\/thailaendische-massage\\\/\"]}]},{\"@type\":\"BreadcrumbList\",\"@id\":\"https:\\\/\\\/test2.northernholistic.de\\\/de\\\/thailaendische-massage\\\/#breadcrumb\",\"itemListElement\":[{\"@type\":\"ListItem\",\"position\":1,\"name\":\"Home\",\"item\":\"https:\\\/\\\/test2.northernholistic.de\\\/de\\\/\"},{\"@type\":\"ListItem\",\"position\":2,\"name\":\"Thail\u00e4ndische Massage\"}]},{\"@type\":\"WebSite\",\"@id\":\"https:\\\/\\\/test2.northernholistic.de\\\/de\\\/#website\",\"url\":\"https:\\\/\\\/test2.northernholistic.de\\\/de\\\/\",\"name\":\"Northern Holistic\",\"description\":\"A centre dedicated to Holistic Therapies\",\"publisher\":{\"@id\":\"https:\\\/\\\/test2.northernholistic.de\\\/de\\\/#organization\"},\"potentialAction\":[{\"@type\":\"SearchAction\",\"target\":{\"@type\":\"EntryPoint\",\"urlTemplate\":\"https:\\\/\\\/test2.northernholistic.de\\\/de\\\/?s={search_term_string}\"},\"query-input\":{\"@type\":\"PropertyValueSpecification\",\"valueRequired\":true,\"valueName\":\"search_term_string\"}}],\"inLanguage\":\"de\"},{\"@type\":\"Organization\",\"@id\":\"https:\\\/\\\/test2.northernholistic.de\\\/de\\\/#organization\",\"name\":\"Northern Holistic\",\"url\":\"https:\\\/\\\/test2.northernholistic.de\\\/de\\\/\",\"logo\":{\"@type\":\"ImageObject\",\"inLanguage\":\"de\",\"@id\":\"https:\\\/\\\/test2.northernholistic.de\\\/de\\\/#\\\/schema\\\/logo\\\/image\\\/\",\"url\":\"https:\\\/\\\/northernholistic.de\\\/wp-content\\\/uploads\\\/2021\\\/05\\\/Noho-New-Transparent.png\",\"contentUrl\":\"https:\\\/\\\/northernholistic.de\\\/wp-content\\\/uploads\\\/2021\\\/05\\\/Noho-New-Transparent.png\",\"width\":608,\"height\":314,\"caption\":\"Northern Holistic\"},\"image\":{\"@id\":\"https:\\\/\\\/test2.northernholistic.de\\\/de\\\/#\\\/schema\\\/logo\\\/image\\\/\"},\"sameAs\":[\"https:\\\/\\\/www.facebook.com\\\/NorthernHolistic\"]}]}<\/script>\n<!-- \/ Yoast SEO plugin. -->","yoast_head_json":{"title":"Thail\u00e4ndische Massage - Northern Holistic","robots":{"index":"noindex","follow":"follow","max-snippet":"max-snippet:-1","max-image-preview":"max-image-preview:large","max-video-preview":"max-video-preview:-1"},"og_locale":"de_DE","og_type":"article","og_title":"Thail\u00e4ndische Massage - Northern Holistic","og_description":"Thai-Massage Berlin Suchen Sie eine Thaimassage in Ihrer N\u00e4he?Northern Holistic in Berlin-Sch\u00f6neberg ist auf Thaimassagespezialisiert. Eine Thaimassage ist mehr als eine typische Massage. Es ist ein uraltes Heilsystem, das seinen Ursprung in Thailand hat und 2.500 bis 7.000 Jahren zur\u00fcckreicht. Lesen Sie weiter, um mehr dar\u00fcber zu erfahren, was eine Thaimassage ist und wie sie [&hellip;]","og_url":"https:\/\/test2.northernholistic.de\/de\/thailaendische-massage\/","og_site_name":"Northern Holistic","article_publisher":"https:\/\/www.facebook.com\/NorthernHolistic","article_modified_time":"2023-05-15T10:11:29+00:00","twitter_card":"summary_large_image","twitter_misc":{"Gesch\u00e4tzte Lesezeit":"7\u00a0Minuten"},"schema":{"@context":"https:\/\/schema.org","@graph":[{"@type":"WebPage","@id":"https:\/\/test2.northernholistic.de\/de\/thailaendische-massage\/","url":"https:\/\/test2.northernholistic.de\/de\/thailaendische-massage\/","name":"Thail\u00e4ndische Massage - Northern Holistic","isPartOf":{"@id":"https:\/\/test2.northernholistic.de\/de\/#website"},"datePublished":"2021-09-10T13:29:16+00:00","dateModified":"2023-05-15T10:11:29+00:00","breadcrumb":{"@id":"https:\/\/test2.northernholistic.de\/de\/thailaendische-massage\/#breadcrumb"},"inLanguage":"de","potentialAction":[{"@type":"ReadAction","target":["https:\/\/test2.northernholistic.de\/de\/thailaendische-massage\/"]}]},{"@type":"BreadcrumbList","@id":"https:\/\/test2.northernholistic.de\/de\/thailaendische-massage\/#breadcrumb","itemListElement":[{"@type":"ListItem","position":1,"name":"Home","item":"https:\/\/test2.northernholistic.de\/de\/"},{"@type":"ListItem","position":2,"name":"Thail\u00e4ndische Massage"}]},{"@type":"WebSite","@id":"https:\/\/test2.northernholistic.de\/de\/#website","url":"https:\/\/test2.northernholistic.de\/de\/","name":"Northern Holistic","description":"A centre dedicated to Holistic Therapies","publisher":{"@id":"https:\/\/test2.northernholistic.de\/de\/#organization"},"potentialAction":[{"@type":"SearchAction","target":{"@type":"EntryPoint","urlTemplate":"https:\/\/test2.northernholistic.de\/de\/?s={search_term_string}"},"query-input":{"@type":"PropertyValueSpecification","valueRequired":true,"valueName":"search_term_string"}}],"inLanguage":"de"},{"@type":"Organization","@id":"https:\/\/test2.northernholistic.de\/de\/#organization","name":"Northern Holistic","url":"https:\/\/test2.northernholistic.de\/de\/","logo":{"@type":"ImageObject","inLanguage":"de","@id":"https:\/\/test2.northernholistic.de\/de\/#\/schema\/logo\/image\/","url":"https:\/\/northernholistic.de\/wp-content\/uploads\/2021\/05\/Noho-New-Transparent.png","contentUrl":"https:\/\/northernholistic.de\/wp-content\/uploads\/2021\/05\/Noho-New-Transparent.png","width":608,"height":314,"caption":"Northern Holistic"},"image":{"@id":"https:\/\/test2.northernholistic.de\/de\/#\/schema\/logo\/image\/"},"sameAs":["https:\/\/www.facebook.com\/NorthernHolistic"]}]}},"_links":{"self":[{"href":"https:\/\/test2.northernholistic.de\/de\/wp-json\/wp\/v2\/pages\/405","targetHints":{"allow":["GET"]}}],"collection":[{"href":"https:\/\/test2.northernholistic.de\/de\/wp-json\/wp\/v2\/pages"}],"about":[{"href":"https:\/\/test2.northernholistic.de\/de\/wp-json\/wp\/v2\/types\/page"}],"author":[{"embeddable":true,"href":"https:\/\/test2.northernholistic.de\/de\/wp-json\/wp\/v2\/users\/2"}],"replies":[{"embeddable":true,"href":"https:\/\/test2.northernholistic.de\/de\/wp-json\/wp\/v2\/comments?post=405"}],"version-history":[{"count":21,"href":"https:\/\/test2.northernholistic.de\/de\/wp-json\/wp\/v2\/pages\/405\/revisions"}],"predecessor-version":[{"id":1744,"href":"https:\/\/test2.northernholistic.de\/de\/wp-json\/wp\/v2\/pages\/405\/revisions\/1744"}],"wp:attachment":[{"href":"https:\/\/test2.northernholistic.de\/de\/wp-json\/wp\/v2\/media?parent=405"}],"curies":[{"name":"wp","href":"https:\/\/api.w.org\/{rel}","templated":true}]}}